{"id":24015,"date":"2024-12-26T16:08:42","date_gmt":"2024-12-26T15:08:42","guid":{"rendered":"https:\/\/www.atta45.se\/e-butik\/?post_type=product&#038;p=24015"},"modified":"2025-10-27T17:00:36","modified_gmt":"2025-10-27T16:00:36","slug":"set-med-overstrykningspennor-i-tra-kaden","status":"publish","type":"product","link":"https:\/\/www.atta45.se\/e-butik\/produkt\/set-med-overstrykningspennor-i-tra-kaden\/","title":{"rendered":"\u00d6verstrykningspennor set,  i tr\u00e4 Kaden"},"content":{"rendered":"<p>\u00d6verstrykningspennor i tr\u00e4 med 4 f\u00e4rgpennor (gul, orange, rosa och gr\u00f6n) i pappersl\u00e5da.<\/p>\n","protected":false},"excerpt":{"rendered":"<p>\u00d6verstrykningspennor i tr\u00e4 med 4 f\u00e4rgpennor (gul, orange, rosa och gr\u00f6n) i pappersl\u00e5da.<\/p>\n","protected":false},"featured_media":24016,"template":"","meta":{"_acf_changed":false,"_seopress_robots_primary_cat":"","_seopress_titles_title":"","_seopress_titles_desc":"","_seopress_robots_index":""},"product_brand":[],"product_cat":[15],"product_tag":[],"class_list":{"0":"post-24015","1":"product","2":"type-product","3":"status-publish","4":"has-post-thumbnail","6":"product_cat-okategoriserad","7":"atta45_taxonomy-pennor-blyertspennor-sv","8":"atta45_taxonomy-tema-inspiration-grona-intryck-sv","9":"atta45_taxonomy-tema-inspiration-speciella-trycktekniker-name-it-sv","10":"atta45_taxonomy-elektronik-kontor-pennbehallare-sv","11":"atta45_taxonomy-pennor-sv","12":"atta45_taxonomy-pennor-rit-farglaggning-sv","13":"atta45_taxonomy-fritid-spel-leksaker-rit-farglaggning-sv","14":"atta45_taxonomy-fritid-spel-leksaker-sv","16":"first","17":"instock","18":"taxable","19":"shipping-taxable","20":"purchasable","21":"product-type-variable"},"acf":[],"_links":{"self":[{"href":"https:\/\/www.atta45.se\/e-butik\/wp-json\/wp\/v2\/product\/24015","targetHints":{"allow":["GET"]}}],"collection":[{"href":"https:\/\/www.atta45.se\/e-butik\/wp-json\/wp\/v2\/product"}],"about":[{"href":"https:\/\/www.atta45.se\/e-butik\/wp-json\/wp\/v2\/types\/product"}],"wp:featuredmedia":[{"embeddable":true,"href":"https:\/\/www.atta45.se\/e-butik\/wp-json\/wp\/v2\/media\/24016"}],"wp:attachment":[{"href":"https:\/\/www.atta45.se\/e-butik\/wp-json\/wp\/v2\/media?parent=24015"}],"wp:term":[{"taxonomy":"product_brand","embeddable":true,"href":"https:\/\/www.atta45.se\/e-butik\/wp-json\/wp\/v2\/product_brand?post=24015"},{"taxonomy":"product_cat","embeddable":true,"href":"https:\/\/www.atta45.se\/e-butik\/wp-json\/wp\/v2\/product_cat?post=24015"},{"taxonomy":"product_tag","embeddable":true,"href":"https:\/\/www.atta45.se\/e-butik\/wp-json\/wp\/v2\/product_tag?post=24015"}],"curies":[{"name":"wp","href":"https:\/\/api.w.org\/{rel}","templated":true}]}}