{"id":24003,"date":"2024-12-26T16:08:36","date_gmt":"2024-12-26T15:08:36","guid":{"rendered":"https:\/\/www.atta45.se\/e-butik\/?post_type=product&#038;p=24003"},"modified":"2025-10-27T16:46:26","modified_gmt":"2025-10-27T15:46:26","slug":"mini-pennset-i-tra-kai","status":"publish","type":"product","link":"https:\/\/www.atta45.se\/e-butik\/produkt\/mini-pennset-i-tra-kai\/","title":{"rendered":"Pennset mini i tr\u00e4 Kai"},"content":{"rendered":"<p>Mini pennset i tr\u00e4 med fyra pennor (gul, r\u00f6d, gr\u00f6n, bl\u00e5) i en \u00e5tervinningsbar ask.<\/p>\n","protected":false},"excerpt":{"rendered":"<p>Mini pennset i tr\u00e4 med fyra pennor (gul, r\u00f6d, gr\u00f6n, bl\u00e5) i en \u00e5tervinningsbar ask.<\/p>\n","protected":false},"featured_media":24004,"template":"","meta":{"_acf_changed":false,"_seopress_robots_primary_cat":"","_seopress_titles_title":"","_seopress_titles_desc":"","_seopress_robots_index":""},"product_brand":[],"product_cat":[15],"product_tag":[],"class_list":{"0":"post-24003","1":"product","2":"type-product","3":"status-publish","4":"has-post-thumbnail","6":"product_cat-okategoriserad","7":"atta45_taxonomy-pennor-blyertspennor-sv","8":"atta45_taxonomy-tema-inspiration-grona-intryck-sv","9":"atta45_taxonomy-tema-inspiration-speciella-trycktekniker-name-it-sv","10":"atta45_taxonomy-elektronik-kontor-pennbehallare-sv","11":"atta45_taxonomy-elektronik-kontor-pennor-sv","12":"atta45_taxonomy-pennor-sv","13":"atta45_taxonomy-pennor-pennset-sv","14":"atta45_taxonomy-pennor-rit-farglaggning-sv","16":"first","17":"instock","18":"taxable","19":"shipping-taxable","20":"purchasable","21":"product-type-variable"},"acf":[],"_links":{"self":[{"href":"https:\/\/www.atta45.se\/e-butik\/wp-json\/wp\/v2\/product\/24003","targetHints":{"allow":["GET"]}}],"collection":[{"href":"https:\/\/www.atta45.se\/e-butik\/wp-json\/wp\/v2\/product"}],"about":[{"href":"https:\/\/www.atta45.se\/e-butik\/wp-json\/wp\/v2\/types\/product"}],"wp:featuredmedia":[{"embeddable":true,"href":"https:\/\/www.atta45.se\/e-butik\/wp-json\/wp\/v2\/media\/24004"}],"wp:attachment":[{"href":"https:\/\/www.atta45.se\/e-butik\/wp-json\/wp\/v2\/media?parent=24003"}],"wp:term":[{"taxonomy":"product_brand","embeddable":true,"href":"https:\/\/www.atta45.se\/e-butik\/wp-json\/wp\/v2\/product_brand?post=24003"},{"taxonomy":"product_cat","embeddable":true,"href":"https:\/\/www.atta45.se\/e-butik\/wp-json\/wp\/v2\/product_cat?post=24003"},{"taxonomy":"product_tag","embeddable":true,"href":"https:\/\/www.atta45.se\/e-butik\/wp-json\/wp\/v2\/product_tag?post=24003"}],"curies":[{"name":"wp","href":"https:\/\/api.w.org\/{rel}","templated":true}]}}