{"id":23977,"date":"2024-12-26T16:08:26","date_gmt":"2024-12-26T15:08:26","guid":{"rendered":"https:\/\/www.atta45.se\/e-butik\/?post_type=product&#038;p=23977"},"modified":"2025-10-27T23:39:31","modified_gmt":"2025-10-27T22:39:31","slug":"pennvassare-med-radergummi","status":"publish","type":"product","link":"https:\/\/www.atta45.se\/e-butik\/produkt\/pennvassare-med-radergummi\/","title":{"rendered":"Pennv\u00e4ssare och suddgummi PS Pauline"},"content":{"rendered":"<p>Pennv\u00e4ssare med suddgummi och transparenta plastbeh\u00e5llare p\u00e5 sidorna. Bra tryckyta.<\/p>\n","protected":false},"excerpt":{"rendered":"<p>Pennv\u00e4ssare med suddgummi och transparenta plastbeh\u00e5llare p\u00e5 sidorna. Bra tryckyta.<\/p>\n","protected":false},"featured_media":23978,"template":"","meta":{"_acf_changed":false,"_seopress_robots_primary_cat":"","_seopress_titles_title":"","_seopress_titles_desc":"","_seopress_robots_index":""},"product_brand":[],"product_cat":[15],"product_tag":[],"class_list":{"0":"post-23977","1":"product","2":"type-product","3":"status-publish","4":"has-post-thumbnail","6":"product_cat-okategoriserad","7":"atta45_taxonomy-pennor-blyertspennor-sv","8":"atta45_taxonomy-tema-inspiration-branscher-sv","9":"atta45_taxonomy-elektronik-kontor-sv","10":"atta45_taxonomy-tema-inspiration-ogonblick-kontorsliv-sv","11":"atta45_taxonomy-elektronik-kontor-pennbehallare-sv","12":"atta45_taxonomy-elektronik-kontor-pennor-sv","13":"atta45_taxonomy-pennor-sv","14":"atta45_taxonomy-fritid-spel-leksaker-rit-farglaggning-sv","15":"atta45_taxonomy-pennor-rit-farglaggning-sv","16":"atta45_taxonomy-fritid-spel-leksaker-sv","17":"atta45_taxonomy-tema-inspiration-sv","18":"atta45_taxonomy-tema-inspiration-branscher-utbildning-sv","20":"first","21":"instock","22":"taxable","23":"shipping-taxable","24":"purchasable","25":"product-type-variable"},"acf":[],"_links":{"self":[{"href":"https:\/\/www.atta45.se\/e-butik\/wp-json\/wp\/v2\/product\/23977","targetHints":{"allow":["GET"]}}],"collection":[{"href":"https:\/\/www.atta45.se\/e-butik\/wp-json\/wp\/v2\/product"}],"about":[{"href":"https:\/\/www.atta45.se\/e-butik\/wp-json\/wp\/v2\/types\/product"}],"wp:featuredmedia":[{"embeddable":true,"href":"https:\/\/www.atta45.se\/e-butik\/wp-json\/wp\/v2\/media\/23978"}],"wp:attachment":[{"href":"https:\/\/www.atta45.se\/e-butik\/wp-json\/wp\/v2\/media?parent=23977"}],"wp:term":[{"taxonomy":"product_brand","embeddable":true,"href":"https:\/\/www.atta45.se\/e-butik\/wp-json\/wp\/v2\/product_brand?post=23977"},{"taxonomy":"product_cat","embeddable":true,"href":"https:\/\/www.atta45.se\/e-butik\/wp-json\/wp\/v2\/product_cat?post=23977"},{"taxonomy":"product_tag","embeddable":true,"href":"https:\/\/www.atta45.se\/e-butik\/wp-json\/wp\/v2\/product_tag?post=23977"}],"curies":[{"name":"wp","href":"https:\/\/api.w.org\/{rel}","templated":true}]}}