{"id":23963,"date":"2024-12-26T16:08:21","date_gmt":"2024-12-26T15:08:21","guid":{"rendered":"https:\/\/www.atta45.se\/e-butik\/?post_type=product&#038;p=23963"},"modified":"2025-10-27T23:23:03","modified_gmt":"2025-10-27T22:23:03","slug":"multifargad-penna","status":"publish","type":"product","link":"https:\/\/www.atta45.se\/e-butik\/produkt\/multifargad-penna\/","title":{"rendered":"Penna, flerf\u00e4rgad, multif\u00e4rgad,  Mae"},"content":{"rendered":"<p>Penna med flera skrivf\u00e4rger.<\/p>\n","protected":false},"excerpt":{"rendered":"<p>Penna med flera skrivf\u00e4rger.<\/p>\n","protected":false},"featured_media":23964,"template":"","meta":{"_acf_changed":false,"_seopress_robots_primary_cat":"","_seopress_titles_title":"","_seopress_titles_desc":"","_seopress_robots_index":""},"product_brand":[],"product_cat":[15],"product_tag":[],"class_list":{"0":"post-23963","1":"product","2":"type-product","3":"status-publish","4":"has-post-thumbnail","6":"product_cat-okategoriserad","7":"atta45_taxonomy-pennor-blyertspennor-sv","8":"atta45_taxonomy-fritid-spel-leksaker-blyertspennor-sv","9":"atta45_taxonomy-tema-inspiration-branscher-sv","10":"atta45_taxonomy-elektronik-kontor-sv","11":"atta45_taxonomy-tema-inspiration-grona-intryck-sv","12":"atta45_taxonomy-tema-inspiration-speciella-trycktekniker-name-it-sv","13":"atta45_taxonomy-elektronik-kontor-pennbehallare-sv","14":"atta45_taxonomy-elektronik-kontor-pennor-sv","15":"atta45_taxonomy-pennor-sv","16":"atta45_taxonomy-pennor-rit-farglaggning-sv","17":"atta45_taxonomy-fritid-spel-leksaker-rit-farglaggning-sv","18":"atta45_taxonomy-fritid-spel-leksaker-sv","19":"atta45_taxonomy-tema-inspiration-sv","20":"atta45_taxonomy-tema-inspiration-branscher-utbildning-sv","22":"first","23":"instock","24":"taxable","25":"shipping-taxable","26":"purchasable","27":"product-type-variable"},"acf":[],"_links":{"self":[{"href":"https:\/\/www.atta45.se\/e-butik\/wp-json\/wp\/v2\/product\/23963","targetHints":{"allow":["GET"]}}],"collection":[{"href":"https:\/\/www.atta45.se\/e-butik\/wp-json\/wp\/v2\/product"}],"about":[{"href":"https:\/\/www.atta45.se\/e-butik\/wp-json\/wp\/v2\/types\/product"}],"wp:featuredmedia":[{"embeddable":true,"href":"https:\/\/www.atta45.se\/e-butik\/wp-json\/wp\/v2\/media\/23964"}],"wp:attachment":[{"href":"https:\/\/www.atta45.se\/e-butik\/wp-json\/wp\/v2\/media?parent=23963"}],"wp:term":[{"taxonomy":"product_brand","embeddable":true,"href":"https:\/\/www.atta45.se\/e-butik\/wp-json\/wp\/v2\/product_brand?post=23963"},{"taxonomy":"product_cat","embeddable":true,"href":"https:\/\/www.atta45.se\/e-butik\/wp-json\/wp\/v2\/product_cat?post=23963"},{"taxonomy":"product_tag","embeddable":true,"href":"https:\/\/www.atta45.se\/e-butik\/wp-json\/wp\/v2\/product_tag?post=23963"}],"curies":[{"name":"wp","href":"https:\/\/api.w.org\/{rel}","templated":true}]}}