{"id":23845,"date":"2024-12-26T16:07:35","date_gmt":"2024-12-26T15:07:35","guid":{"rendered":"https:\/\/www.atta45.se\/e-butik\/?post_type=product&#038;p=23845"},"modified":"2025-10-27T20:23:57","modified_gmt":"2025-10-27T19:23:57","slug":"oandlig-penna-av-bambu-wolfgang","status":"publish","type":"product","link":"https:\/\/www.atta45.se\/e-butik\/produkt\/oandlig-penna-av-bambu-wolfgang\/","title":{"rendered":"O\u00e4ndlig penna av bambu Wolfgang"},"content":{"rendered":"<p>O\u00e4ndlig penna och kulpenna av bambu. Ena sidan med \u00e4ndl\u00f6s penna och den andra med kulpenna, b\u00e5da med f\u00e4rgat kartonglock. Bl\u00e5tt bl\u00e4ck.<\/p>\n","protected":false},"excerpt":{"rendered":"<p>O\u00e4ndlig penna och kulpenna av bambu. Ena sidan med \u00e4ndl\u00f6s penna och den andra med kulpenna, b\u00e5da med f\u00e4rgat kartonglock. Bl\u00e5tt bl\u00e4ck.<\/p>\n","protected":false},"featured_media":23846,"template":"","meta":{"_acf_changed":false,"_seopress_robots_primary_cat":"","_seopress_titles_title":"","_seopress_titles_desc":"","_seopress_robots_index":""},"product_brand":[],"product_cat":[15],"product_tag":[],"class_list":{"0":"post-23845","1":"product","2":"type-product","3":"status-publish","4":"has-post-thumbnail","6":"product_cat-okategoriserad","7":"atta45_taxonomy-tema-inspiration-grona-intryck-bambu-sv","8":"atta45_taxonomy-pennor-blyertspennor-sv","9":"atta45_taxonomy-tema-inspiration-grona-intryck-sv","10":"atta45_taxonomy-tema-inspiration-ogonblick-kontorsliv-sv","11":"atta45_taxonomy-nyheter-sv","12":"atta45_taxonomy-tema-inspiration-utvalda-produkter-nyheter-sv","13":"atta45_taxonomy-elektronik-kontor-pennbehallare-sv","14":"atta45_taxonomy-pennor-sv","15":"atta45_taxonomy-tema-inspiration-sv","17":"first","18":"instock","19":"taxable","20":"shipping-taxable","21":"purchasable","22":"product-type-variable"},"acf":[],"_links":{"self":[{"href":"https:\/\/www.atta45.se\/e-butik\/wp-json\/wp\/v2\/product\/23845","targetHints":{"allow":["GET"]}}],"collection":[{"href":"https:\/\/www.atta45.se\/e-butik\/wp-json\/wp\/v2\/product"}],"about":[{"href":"https:\/\/www.atta45.se\/e-butik\/wp-json\/wp\/v2\/types\/product"}],"wp:featuredmedia":[{"embeddable":true,"href":"https:\/\/www.atta45.se\/e-butik\/wp-json\/wp\/v2\/media\/23846"}],"wp:attachment":[{"href":"https:\/\/www.atta45.se\/e-butik\/wp-json\/wp\/v2\/media?parent=23845"}],"wp:term":[{"taxonomy":"product_brand","embeddable":true,"href":"https:\/\/www.atta45.se\/e-butik\/wp-json\/wp\/v2\/product_brand?post=23845"},{"taxonomy":"product_cat","embeddable":true,"href":"https:\/\/www.atta45.se\/e-butik\/wp-json\/wp\/v2\/product_cat?post=23845"},{"taxonomy":"product_tag","embeddable":true,"href":"https:\/\/www.atta45.se\/e-butik\/wp-json\/wp\/v2\/product_tag?post=23845"}],"curies":[{"name":"wp","href":"https:\/\/api.w.org\/{rel}","templated":true}]}}