{"id":23627,"date":"2024-12-26T16:06:03","date_gmt":"2024-12-26T15:06:03","guid":{"rendered":"https:\/\/www.atta45.se\/e-butik\/?post_type=product&#038;p=23627"},"modified":"2025-10-27T22:32:16","modified_gmt":"2025-10-27T21:32:16","slug":"stabila-mattstock-i-tra-2-m-3","status":"publish","type":"product","link":"https:\/\/www.atta45.se\/e-butik\/produkt\/stabila-mattstock-i-tra-2-m-3\/","title":{"rendered":"M\u00e5ttstock i tr\u00e4 (2 m) Stabila\u00ae Jason"},"content":{"rendered":"<p>Stabila vikbar m\u00e5ttstock\/tumstock med en total l\u00e4ngd p\u00e5 2 meter. Skalan \u00e4r i cm. Linjalen har en skyddande bel\u00e4ggning. Noggrannhet klass 3.<\/p>\n","protected":false},"excerpt":{"rendered":"<p>Stabila vikbar m\u00e5ttstock\/tumstock med en total l\u00e4ngd p\u00e5 2 meter. Skalan \u00e4r i cm. Linjalen har en skyddande bel\u00e4ggning. Noggrannhet klass 3.<\/p>\n","protected":false},"featured_media":23628,"template":"","meta":{"_acf_changed":false,"_seopress_robots_primary_cat":"","_seopress_titles_title":"","_seopress_titles_desc":"","_seopress_robots_index":""},"product_brand":[],"product_cat":[15],"product_tag":[],"class_list":{"0":"post-23627","1":"product","2":"type-product","3":"status-publish","4":"has-post-thumbnail","6":"product_cat-okategoriserad","7":"atta45_taxonomy-tema-inspiration-made-in-europe-andra-produkter-tillverkade-i-eu-sv","8":"atta45_taxonomy-tema-inspiration-branscher-sv","9":"atta45_taxonomy-tema-inspiration-branscher-konstruktion-sv","10":"atta45_taxonomy-elektronik-kontor-matinstrument-sv","11":"atta45_taxonomy-reflexer-verktyg-sakerhet-mattband-sv","12":"atta45_taxonomy-tema-inspiration-utvalda-produkter-snabbleverans-sv","13":"atta45_taxonomy-tema-inspiration-speciella-trycktekniker-sv","14":"atta45_taxonomy-tema-inspiration-varumarken-stabila-sv","15":"atta45_taxonomy-tema-inspiration-sv","16":"atta45_taxonomy-tema-inspiration-made-in-europe-tyskland-sv","17":"atta45_taxonomy-tema-inspiration-varumarken-sv","19":"first","20":"instock","21":"taxable","22":"shipping-taxable","23":"purchasable","24":"product-type-variable"},"acf":[],"_links":{"self":[{"href":"https:\/\/www.atta45.se\/e-butik\/wp-json\/wp\/v2\/product\/23627","targetHints":{"allow":["GET"]}}],"collection":[{"href":"https:\/\/www.atta45.se\/e-butik\/wp-json\/wp\/v2\/product"}],"about":[{"href":"https:\/\/www.atta45.se\/e-butik\/wp-json\/wp\/v2\/types\/product"}],"wp:featuredmedia":[{"embeddable":true,"href":"https:\/\/www.atta45.se\/e-butik\/wp-json\/wp\/v2\/media\/23628"}],"wp:attachment":[{"href":"https:\/\/www.atta45.se\/e-butik\/wp-json\/wp\/v2\/media?parent=23627"}],"wp:term":[{"taxonomy":"product_brand","embeddable":true,"href":"https:\/\/www.atta45.se\/e-butik\/wp-json\/wp\/v2\/product_brand?post=23627"},{"taxonomy":"product_cat","embeddable":true,"href":"https:\/\/www.atta45.se\/e-butik\/wp-json\/wp\/v2\/product_cat?post=23627"},{"taxonomy":"product_tag","embeddable":true,"href":"https:\/\/www.atta45.se\/e-butik\/wp-json\/wp\/v2\/product_tag?post=23627"}],"curies":[{"name":"wp","href":"https:\/\/api.w.org\/{rel}","templated":true}]}}