{"id":23599,"date":"2024-12-26T16:05:51","date_gmt":"2024-12-26T15:05:51","guid":{"rendered":"https:\/\/www.atta45.se\/e-butik\/?post_type=product&#038;p=23599"},"modified":"2025-10-27T22:30:40","modified_gmt":"2025-10-27T21:30:40","slug":"mattband-3-m","status":"publish","type":"product","link":"https:\/\/www.atta45.se\/e-butik\/produkt\/mattband-3-m\/","title":{"rendered":"M\u00e5ttband ABS (3 m) Effran"},"content":{"rendered":"<p>M\u00e5ttband, 3 m, med l\u00e4ttl\u00e4st skala och har b\u00e5de handledsrem samt b\u00e4ltesklips av metall. Huset har gummerad yta, tryckytan\/inl\u00e4gget \u00e4r i vit plast.<\/p>\n","protected":false},"excerpt":{"rendered":"<p>M\u00e5ttband, 3 m, med l\u00e4ttl\u00e4st skala och har b\u00e5de handledsrem samt b\u00e4ltesklips av metall. Huset har gummerad yta, tryckytan\/inl\u00e4gget \u00e4r i vit plast.<\/p>\n","protected":false},"featured_media":23600,"template":"","meta":{"_acf_changed":false,"_seopress_robots_primary_cat":"","_seopress_titles_title":"","_seopress_titles_desc":"","_seopress_robots_index":""},"product_brand":[],"product_cat":[15],"product_tag":[],"class_list":{"0":"post-23599","1":"product","2":"type-product","3":"status-publish","4":"has-post-thumbnail","6":"product_cat-okategoriserad","7":"atta45_taxonomy-tema-inspiration-ogonblick-arbete-pagar-sv","8":"atta45_taxonomy-tema-inspiration-branscher-sv","9":"atta45_taxonomy-tema-inspiration-branscher-konstruktion-sv","10":"atta45_taxonomy-elektronik-kontor-matinstrument-sv","11":"atta45_taxonomy-reflexer-verktyg-sakerhet-mattband-sv","12":"atta45_taxonomy-tema-inspiration-sv","14":"first","15":"instock","16":"taxable","17":"shipping-taxable","18":"purchasable","19":"product-type-variable"},"acf":[],"_links":{"self":[{"href":"https:\/\/www.atta45.se\/e-butik\/wp-json\/wp\/v2\/product\/23599","targetHints":{"allow":["GET"]}}],"collection":[{"href":"https:\/\/www.atta45.se\/e-butik\/wp-json\/wp\/v2\/product"}],"about":[{"href":"https:\/\/www.atta45.se\/e-butik\/wp-json\/wp\/v2\/types\/product"}],"wp:featuredmedia":[{"embeddable":true,"href":"https:\/\/www.atta45.se\/e-butik\/wp-json\/wp\/v2\/media\/23600"}],"wp:attachment":[{"href":"https:\/\/www.atta45.se\/e-butik\/wp-json\/wp\/v2\/media?parent=23599"}],"wp:term":[{"taxonomy":"product_brand","embeddable":true,"href":"https:\/\/www.atta45.se\/e-butik\/wp-json\/wp\/v2\/product_brand?post=23599"},{"taxonomy":"product_cat","embeddable":true,"href":"https:\/\/www.atta45.se\/e-butik\/wp-json\/wp\/v2\/product_cat?post=23599"},{"taxonomy":"product_tag","embeddable":true,"href":"https:\/\/www.atta45.se\/e-butik\/wp-json\/wp\/v2\/product_tag?post=23599"}],"curies":[{"name":"wp","href":"https:\/\/api.w.org\/{rel}","templated":true}]}}