{"id":23517,"date":"2024-12-26T16:05:12","date_gmt":"2024-12-26T15:05:12","guid":{"rendered":"https:\/\/www.atta45.se\/e-butik\/?post_type=product&#038;p=23517"},"modified":"2025-10-27T20:37:16","modified_gmt":"2025-10-27T19:37:16","slug":"mattband-i-atervunnen-abs-3-m-ute","status":"publish","type":"product","link":"https:\/\/www.atta45.se\/e-butik\/produkt\/mattband-i-atervunnen-abs-3-m-ute\/","title":{"rendered":"M\u00e5ttband i \u00e5tervunnen ABS (3 m) Ute"},"content":{"rendered":"<p>M\u00e5ttband (3 meter) av \u00e5tervunnen ABS med en skala i centimeter och tum. Inkluderar en \u00e5tervunnen ABS-symbol. Individuellt f\u00f6rpackad i brun kartong.<\/p>\n","protected":false},"excerpt":{"rendered":"<p>M\u00e5ttband (3 meter) av \u00e5tervunnen ABS med en skala i centimeter och tum. Inkluderar en \u00e5tervunnen ABS-symbol. Individuellt f\u00f6rpackad i brun kartong.<\/p>\n","protected":false},"featured_media":23518,"template":"","meta":{"_acf_changed":false,"_seopress_robots_primary_cat":"","_seopress_titles_title":"","_seopress_titles_desc":"","_seopress_robots_index":""},"product_brand":[],"product_cat":[15],"product_tag":[],"class_list":{"0":"post-23517","1":"product","2":"type-product","3":"status-publish","4":"has-post-thumbnail","6":"product_cat-okategoriserad","7":"atta45_taxonomy-tema-inspiration-branscher-sv","8":"atta45_taxonomy-tema-inspiration-grona-intryck-sv","9":"atta45_taxonomy-tema-inspiration-branscher-konstruktion-sv","10":"atta45_taxonomy-elektronik-kontor-matinstrument-sv","11":"atta45_taxonomy-reflexer-verktyg-sakerhet-mattband-sv","12":"atta45_taxonomy-nyheter-sv","13":"atta45_taxonomy-tema-inspiration-utvalda-produkter-nyheter-sv","14":"atta45_taxonomy-tema-inspiration-sv","15":"atta45_taxonomy-reflexer-verktyg-sakerhet-verktyg-sv","17":"first","18":"instock","19":"taxable","20":"shipping-taxable","21":"purchasable","22":"product-type-variable"},"acf":[],"_links":{"self":[{"href":"https:\/\/www.atta45.se\/e-butik\/wp-json\/wp\/v2\/product\/23517","targetHints":{"allow":["GET"]}}],"collection":[{"href":"https:\/\/www.atta45.se\/e-butik\/wp-json\/wp\/v2\/product"}],"about":[{"href":"https:\/\/www.atta45.se\/e-butik\/wp-json\/wp\/v2\/types\/product"}],"wp:featuredmedia":[{"embeddable":true,"href":"https:\/\/www.atta45.se\/e-butik\/wp-json\/wp\/v2\/media\/23518"}],"wp:attachment":[{"href":"https:\/\/www.atta45.se\/e-butik\/wp-json\/wp\/v2\/media?parent=23517"}],"wp:term":[{"taxonomy":"product_brand","embeddable":true,"href":"https:\/\/www.atta45.se\/e-butik\/wp-json\/wp\/v2\/product_brand?post=23517"},{"taxonomy":"product_cat","embeddable":true,"href":"https:\/\/www.atta45.se\/e-butik\/wp-json\/wp\/v2\/product_cat?post=23517"},{"taxonomy":"product_tag","embeddable":true,"href":"https:\/\/www.atta45.se\/e-butik\/wp-json\/wp\/v2\/product_tag?post=23517"}],"curies":[{"name":"wp","href":"https:\/\/api.w.org\/{rel}","templated":true}]}}