{"id":23491,"date":"2024-12-26T16:05:02","date_gmt":"2024-12-26T15:05:02","guid":{"rendered":"https:\/\/www.atta45.se\/e-butik\/?post_type=product&#038;p=23491"},"modified":"2025-10-27T20:12:38","modified_gmt":"2025-10-27T19:12:38","slug":"mattband-15-m-theo","status":"publish","type":"product","link":"https:\/\/www.atta45.se\/e-butik\/produkt\/mattband-15-m-theo\/","title":{"rendered":"M\u00e5ttband (1,5 m) Theo"},"content":{"rendered":"<p>Inf\u00e4llbart m\u00e5ttband av plast (1,5 meter) med transparent fodral och f\u00e4rgat ludd. Inkluderar en tryckknapp och l\u00e5smekanism. Utskriftsomr\u00e5det \u00e4r placerat p\u00e5 den plana ytan p\u00e5 baksidan.<\/p>\n","protected":false},"excerpt":{"rendered":"<p>Inf\u00e4llbart m\u00e5ttband av plast (1,5 meter) med transparent fodral och f\u00e4rgat ludd. Inkluderar en tryckknapp och l\u00e5smekanism. Utskriftsomr\u00e5det \u00e4r placerat p\u00e5 den plana ytan p\u00e5 baksidan.<\/p>\n","protected":false},"featured_media":23492,"template":"","meta":{"_acf_changed":false,"_seopress_robots_primary_cat":"","_seopress_titles_title":"","_seopress_titles_desc":"","_seopress_robots_index":""},"product_brand":[],"product_cat":[15],"product_tag":[],"class_list":{"0":"post-23491","1":"product","2":"type-product","3":"status-publish","4":"has-post-thumbnail","6":"product_cat-okategoriserad","7":"atta45_taxonomy-elektronik-kontor-matinstrument-sv","8":"atta45_taxonomy-reflexer-verktyg-sakerhet-mattband-sv","9":"atta45_taxonomy-nyheter-sv","10":"atta45_taxonomy-tema-inspiration-utvalda-produkter-nyheter-sv","11":"atta45_taxonomy-reflexer-verktyg-sakerhet-verktyg-sv","13":"first","14":"instock","15":"taxable","16":"shipping-taxable","17":"purchasable","18":"product-type-variable"},"acf":[],"_links":{"self":[{"href":"https:\/\/www.atta45.se\/e-butik\/wp-json\/wp\/v2\/product\/23491","targetHints":{"allow":["GET"]}}],"collection":[{"href":"https:\/\/www.atta45.se\/e-butik\/wp-json\/wp\/v2\/product"}],"about":[{"href":"https:\/\/www.atta45.se\/e-butik\/wp-json\/wp\/v2\/types\/product"}],"wp:featuredmedia":[{"embeddable":true,"href":"https:\/\/www.atta45.se\/e-butik\/wp-json\/wp\/v2\/media\/23492"}],"wp:attachment":[{"href":"https:\/\/www.atta45.se\/e-butik\/wp-json\/wp\/v2\/media?parent=23491"}],"wp:term":[{"taxonomy":"product_brand","embeddable":true,"href":"https:\/\/www.atta45.se\/e-butik\/wp-json\/wp\/v2\/product_brand?post=23491"},{"taxonomy":"product_cat","embeddable":true,"href":"https:\/\/www.atta45.se\/e-butik\/wp-json\/wp\/v2\/product_cat?post=23491"},{"taxonomy":"product_tag","embeddable":true,"href":"https:\/\/www.atta45.se\/e-butik\/wp-json\/wp\/v2\/product_tag?post=23491"}],"curies":[{"name":"wp","href":"https:\/\/api.w.org\/{rel}","templated":true}]}}