{"id":23479,"date":"2024-12-26T16:04:56","date_gmt":"2024-12-26T15:04:56","guid":{"rendered":"https:\/\/www.atta45.se\/e-butik\/?post_type=product&#038;p=23479"},"modified":"2025-10-27T19:42:48","modified_gmt":"2025-10-27T18:42:48","slug":"mattband-i-bambu-callum","status":"publish","type":"product","link":"https:\/\/www.atta45.se\/e-butik\/produkt\/mattband-i-bambu-callum\/","title":{"rendered":"M\u00e5ttband i bambu Callum"},"content":{"rendered":"<p>M\u00e5ttband av bambu (1 meter). F\u00f6rpackat i presentbox.<\/p>\n","protected":false},"excerpt":{"rendered":"<p>M\u00e5ttband av bambu (1 meter). F\u00f6rpackat i presentbox.<\/p>\n","protected":false},"featured_media":23480,"template":"","meta":{"_acf_changed":false,"_seopress_robots_primary_cat":"","_seopress_titles_title":"","_seopress_titles_desc":"","_seopress_robots_index":""},"product_brand":[],"product_cat":[15],"product_tag":[],"class_list":{"0":"post-23479","1":"product","2":"type-product","3":"status-publish","4":"has-post-thumbnail","6":"product_cat-okategoriserad","7":"atta45_taxonomy-tema-inspiration-grona-intryck-bambu-sv","8":"atta45_taxonomy-tema-inspiration-grona-intryck-sv","9":"atta45_taxonomy-tema-inspiration-branscher-konstruktion-sv","10":"atta45_taxonomy-elektronik-kontor-matinstrument-sv","11":"atta45_taxonomy-reflexer-verktyg-sakerhet-mattband-sv","12":"atta45_taxonomy-tema-inspiration-utvalda-produkter-nyheter-sv","13":"atta45_taxonomy-nyheter-sv","14":"atta45_taxonomy-tema-inspiration-ogonblick-sv","15":"atta45_taxonomy-tema-inspiration-sv","16":"atta45_taxonomy-reflexer-verktyg-sakerhet-verktyg-sv","18":"first","19":"instock","20":"taxable","21":"shipping-taxable","22":"purchasable","23":"product-type-variable"},"acf":[],"_links":{"self":[{"href":"https:\/\/www.atta45.se\/e-butik\/wp-json\/wp\/v2\/product\/23479","targetHints":{"allow":["GET"]}}],"collection":[{"href":"https:\/\/www.atta45.se\/e-butik\/wp-json\/wp\/v2\/product"}],"about":[{"href":"https:\/\/www.atta45.se\/e-butik\/wp-json\/wp\/v2\/types\/product"}],"wp:featuredmedia":[{"embeddable":true,"href":"https:\/\/www.atta45.se\/e-butik\/wp-json\/wp\/v2\/media\/23480"}],"wp:attachment":[{"href":"https:\/\/www.atta45.se\/e-butik\/wp-json\/wp\/v2\/media?parent=23479"}],"wp:term":[{"taxonomy":"product_brand","embeddable":true,"href":"https:\/\/www.atta45.se\/e-butik\/wp-json\/wp\/v2\/product_brand?post=23479"},{"taxonomy":"product_cat","embeddable":true,"href":"https:\/\/www.atta45.se\/e-butik\/wp-json\/wp\/v2\/product_cat?post=23479"},{"taxonomy":"product_tag","embeddable":true,"href":"https:\/\/www.atta45.se\/e-butik\/wp-json\/wp\/v2\/product_tag?post=23479"}],"curies":[{"name":"wp","href":"https:\/\/api.w.org\/{rel}","templated":true}]}}