{"id":23459,"date":"2024-12-26T16:04:46","date_gmt":"2024-12-26T15:04:46","guid":{"rendered":"https:\/\/www.atta45.se\/e-butik\/?post_type=product&#038;p=23459"},"modified":"2025-10-28T04:03:47","modified_gmt":"2025-10-28T03:03:47","slug":"rfid-blockerande-kort","status":"publish","type":"product","link":"https:\/\/www.atta45.se\/e-butik\/produkt\/rfid-blockerande-kort\/","title":{"rendered":"RFID-Kort blockerande"},"content":{"rendered":"<p>RFID-blockeringskortet \u00e4r i storleken av ett kreditkort och \u00e4r utformat f\u00f6r att skydda personlig information s\u00e5som p\u00e5 kreditkort, betalkort, ID-kort, etc. Blockeringskortet beh\u00f6ver inget batteri. Det drar energi fr\u00e5n skannern och skapar omedelbart ett skyddande f\u00e4lt, vilket g\u00f6r dina kort osynliga f\u00f6r skannern. Ha det h\u00e4r blockeringskortet i din pl\u00e5nbok, kortklipp, och dina kort ska skyddas.<\/p>\n","protected":false},"excerpt":{"rendered":"<p>RFID-blockeringskortet \u00e4r i storleken av ett kreditkort och \u00e4r utformat f\u00f6r att skydda personlig information s\u00e5som p\u00e5 kreditkort, betalkort, ID-kort, etc. Blockeringskortet beh\u00f6ver inget batteri. Det drar energi fr\u00e5n skannern och skapar omedelbart ett skyddande f\u00e4lt, vilket g\u00f6r dina kort osynliga f\u00f6r skannern. Ha det h\u00e4r blockeringskortet i din pl\u00e5nbok, kortklipp, och dina kort ska [&hellip;]<\/p>\n","protected":false},"featured_media":23460,"template":"","meta":{"_acf_changed":false,"_seopress_robots_primary_cat":"","_seopress_titles_title":"","_seopress_titles_desc":"","_seopress_robots_index":""},"product_brand":[],"product_cat":[15],"product_tag":[],"class_list":{"0":"post-23459","1":"product","2":"type-product","3":"status-publish","4":"has-post-thumbnail","6":"product_cat-okategoriserad","7":"atta45_taxonomy-elektronik-kontor-kontorsartiklar-sv","8":"atta45_taxonomy-reflexer-verktyg-sakerhet-sv","10":"first","11":"instock","12":"taxable","13":"shipping-taxable","14":"purchasable","15":"product-type-variable"},"acf":[],"_links":{"self":[{"href":"https:\/\/www.atta45.se\/e-butik\/wp-json\/wp\/v2\/product\/23459","targetHints":{"allow":["GET"]}}],"collection":[{"href":"https:\/\/www.atta45.se\/e-butik\/wp-json\/wp\/v2\/product"}],"about":[{"href":"https:\/\/www.atta45.se\/e-butik\/wp-json\/wp\/v2\/types\/product"}],"wp:featuredmedia":[{"embeddable":true,"href":"https:\/\/www.atta45.se\/e-butik\/wp-json\/wp\/v2\/media\/23460"}],"wp:attachment":[{"href":"https:\/\/www.atta45.se\/e-butik\/wp-json\/wp\/v2\/media?parent=23459"}],"wp:term":[{"taxonomy":"product_brand","embeddable":true,"href":"https:\/\/www.atta45.se\/e-butik\/wp-json\/wp\/v2\/product_brand?post=23459"},{"taxonomy":"product_cat","embeddable":true,"href":"https:\/\/www.atta45.se\/e-butik\/wp-json\/wp\/v2\/product_cat?post=23459"},{"taxonomy":"product_tag","embeddable":true,"href":"https:\/\/www.atta45.se\/e-butik\/wp-json\/wp\/v2\/product_tag?post=23459"}],"curies":[{"name":"wp","href":"https:\/\/api.w.org\/{rel}","templated":true}]}}