{"id":23413,"date":"2024-12-26T16:03:59","date_gmt":"2024-12-26T15:03:59","guid":{"rendered":"https:\/\/www.atta45.se\/e-butik\/?post_type=product&#038;p=23413"},"modified":"2025-10-28T04:03:34","modified_gmt":"2025-10-28T03:03:34","slug":"korthallare-med-rfid-skydd","status":"publish","type":"product","link":"https:\/\/www.atta45.se\/e-butik\/produkt\/korthallare-med-rfid-skydd\/","title":{"rendered":"Korth\u00e5llare med RFID skydd"},"content":{"rendered":"<p>RFID-blockerande korth\u00e5llare \u00e4r konstruerade f\u00f6r att hj\u00e4lpa till att skydda dig fr\u00e5n en ny typ av ficktjuvar, s\u00e5 kallat RFID-skimming.<br \/>Orsaken \u00e4r att vissa kreditkort nu finns med inbyggda radiofrekvensidentifieringschip.<\/p>\n<p>Kreditkortsfickan f\u00f6r mobiltelefonen har l\u00e4nge varit en popul\u00e4r produkt. Vi tar nu denna till en ny niv\u00e5!<\/p>\n<p>Dubbelh\u00e4ftande baksida<\/p>\n<p>T\u00e4nk p\u00e5 att reng\u00f6ra ytan produkten ska f\u00e4stas p\u00e5.<\/p>\n<p>Oljebaserade\/feta ytor s\u00e5som silikon har s\u00e4mre vidh\u00e4ftningsf\u00f6rm\u00e5ga vilket har med materialets beskaffenhet att g\u00f6ra.<\/p>\n","protected":false},"excerpt":{"rendered":"<p>RFID-blockerande korth\u00e5llare \u00e4r konstruerade f\u00f6r att hj\u00e4lpa till att skydda dig fr\u00e5n en ny typ av ficktjuvar, s\u00e5 kallat RFID-skimming.Orsaken \u00e4r att vissa kreditkort nu finns med inbyggda radiofrekvensidentifieringschip. Kreditkortsfickan f\u00f6r mobiltelefonen har l\u00e4nge varit en popul\u00e4r produkt. Vi tar nu denna till en ny niv\u00e5! Dubbelh\u00e4ftande baksida T\u00e4nk p\u00e5 att reng\u00f6ra ytan produkten ska [&hellip;]<\/p>\n","protected":false},"featured_media":23414,"template":"","meta":{"_acf_changed":false,"_seopress_robots_primary_cat":"","_seopress_titles_title":"","_seopress_titles_desc":"","_seopress_robots_index":""},"product_brand":[],"product_cat":[15],"product_tag":[],"class_list":{"0":"post-23413","1":"product","2":"type-product","3":"status-publish","4":"has-post-thumbnail","6":"product_cat-okategoriserad","7":"atta45_taxonomy-elektronik-kontor-kontorsartiklar-sv","8":"atta45_taxonomy-mobiltillbehor-mobiltillbehor-sv","9":"atta45_taxonomy-reflexer-verktyg-sakerhet-sv","11":"first","12":"instock","13":"taxable","14":"shipping-taxable","15":"purchasable","16":"product-type-variable"},"acf":[],"_links":{"self":[{"href":"https:\/\/www.atta45.se\/e-butik\/wp-json\/wp\/v2\/product\/23413","targetHints":{"allow":["GET"]}}],"collection":[{"href":"https:\/\/www.atta45.se\/e-butik\/wp-json\/wp\/v2\/product"}],"about":[{"href":"https:\/\/www.atta45.se\/e-butik\/wp-json\/wp\/v2\/types\/product"}],"wp:featuredmedia":[{"embeddable":true,"href":"https:\/\/www.atta45.se\/e-butik\/wp-json\/wp\/v2\/media\/23414"}],"wp:attachment":[{"href":"https:\/\/www.atta45.se\/e-butik\/wp-json\/wp\/v2\/media?parent=23413"}],"wp:term":[{"taxonomy":"product_brand","embeddable":true,"href":"https:\/\/www.atta45.se\/e-butik\/wp-json\/wp\/v2\/product_brand?post=23413"},{"taxonomy":"product_cat","embeddable":true,"href":"https:\/\/www.atta45.se\/e-butik\/wp-json\/wp\/v2\/product_cat?post=23413"},{"taxonomy":"product_tag","embeddable":true,"href":"https:\/\/www.atta45.se\/e-butik\/wp-json\/wp\/v2\/product_tag?post=23413"}],"curies":[{"name":"wp","href":"https:\/\/api.w.org\/{rel}","templated":true}]}}