{"id":23393,"date":"2024-12-26T16:03:49","date_gmt":"2024-12-26T15:03:49","guid":{"rendered":"https:\/\/www.atta45.se\/e-butik\/?post_type=product&#038;p=23393"},"modified":"2025-10-27T17:00:07","modified_gmt":"2025-10-27T16:00:07","slug":"usb-hub-i-aluminium-och-atervunnet-papper-paulo","status":"publish","type":"product","link":"https:\/\/www.atta45.se\/e-butik\/produkt\/usb-hub-i-aluminium-och-atervunnet-papper-paulo\/","title":{"rendered":"USB-hub i aluminium och \u00e5tervunnet papper Paulo"},"content":{"rendered":"<p>USB-hub (2.0) av aluminium och \u00e5tervunnet papper. Med tv\u00e5 USB-C-portar och tv\u00e5 USB-portar. Ing\u00e5ngen \u00e4r USB-C. Individuellt f\u00f6rpackad i brun kartong.<\/p>\n","protected":false},"excerpt":{"rendered":"<p>USB-hub (2.0) av aluminium och \u00e5tervunnet papper. Med tv\u00e5 USB-C-portar och tv\u00e5 USB-portar. Ing\u00e5ngen \u00e4r USB-C. Individuellt f\u00f6rpackad i brun kartong.<\/p>\n","protected":false},"featured_media":23394,"template":"","meta":{"_acf_changed":false,"_seopress_robots_primary_cat":"","_seopress_titles_title":"","_seopress_titles_desc":"","_seopress_robots_index":""},"product_brand":[],"product_cat":[15],"product_tag":[],"class_list":{"0":"post-23393","1":"product","2":"type-product","3":"status-publish","4":"has-post-thumbnail","6":"product_cat-okategoriserad","7":"atta45_taxonomy-elektronik-kontor-sv","8":"atta45_taxonomy-tema-inspiration-grona-intryck-sv","9":"atta45_taxonomy-elektronik-kontor-kontorsartiklar-sv","10":"atta45_taxonomy-elektronik-kontor-usb-minnen-sv","12":"first","13":"instock","14":"taxable","15":"shipping-taxable","16":"purchasable","17":"product-type-variable"},"acf":[],"_links":{"self":[{"href":"https:\/\/www.atta45.se\/e-butik\/wp-json\/wp\/v2\/product\/23393","targetHints":{"allow":["GET"]}}],"collection":[{"href":"https:\/\/www.atta45.se\/e-butik\/wp-json\/wp\/v2\/product"}],"about":[{"href":"https:\/\/www.atta45.se\/e-butik\/wp-json\/wp\/v2\/types\/product"}],"wp:featuredmedia":[{"embeddable":true,"href":"https:\/\/www.atta45.se\/e-butik\/wp-json\/wp\/v2\/media\/23394"}],"wp:attachment":[{"href":"https:\/\/www.atta45.se\/e-butik\/wp-json\/wp\/v2\/media?parent=23393"}],"wp:term":[{"taxonomy":"product_brand","embeddable":true,"href":"https:\/\/www.atta45.se\/e-butik\/wp-json\/wp\/v2\/product_brand?post=23393"},{"taxonomy":"product_cat","embeddable":true,"href":"https:\/\/www.atta45.se\/e-butik\/wp-json\/wp\/v2\/product_cat?post=23393"},{"taxonomy":"product_tag","embeddable":true,"href":"https:\/\/www.atta45.se\/e-butik\/wp-json\/wp\/v2\/product_tag?post=23393"}],"curies":[{"name":"wp","href":"https:\/\/api.w.org\/{rel}","templated":true}]}}