{"id":23351,"date":"2024-12-26T16:03:34","date_gmt":"2024-12-26T15:03:34","guid":{"rendered":"https:\/\/www.atta45.se\/e-butik\/?post_type=product&#038;p=23351"},"modified":"2025-10-27T16:58:48","modified_gmt":"2025-10-27T15:58:48","slug":"kulspetspenna-i-aluminium-anthony","status":"publish","type":"product","link":"https:\/\/www.atta45.se\/e-butik\/produkt\/kulspetspenna-i-aluminium-anthony\/","title":{"rendered":"Kulspetspenna i aluminium Anthony"},"content":{"rendered":"<p>Kulspetspenna i aluminium med detaljer i ros\u00e9guld och gummispets f\u00f6r kapacitiva sk\u00e4rmar. Bl\u00e5tt bl\u00e4ck. N\u00e4r den \u00e4r graverad kommer designen att vara silverf\u00e4rgad.<\/p>\n","protected":false},"excerpt":{"rendered":"<p>Kulspetspenna i aluminium med detaljer i ros\u00e9guld och gummispets f\u00f6r kapacitiva sk\u00e4rmar. Bl\u00e5tt bl\u00e4ck. N\u00e4r den \u00e4r graverad kommer designen att vara silverf\u00e4rgad.<\/p>\n","protected":false},"featured_media":23352,"template":"","meta":{"_acf_changed":false,"_seopress_robots_primary_cat":"","_seopress_titles_title":"","_seopress_titles_desc":"","_seopress_robots_index":""},"product_brand":[],"product_cat":[15],"product_tag":[],"class_list":{"0":"post-23351","1":"product","2":"type-product","3":"status-publish","4":"has-post-thumbnail","6":"product_cat-okategoriserad","7":"atta45_taxonomy-elektronik-kontor-kontorsartiklar-sv","8":"atta45_taxonomy-tema-inspiration-ogonblick-kontorsliv-sv","9":"atta45_taxonomy-tema-inspiration-speciella-trycktekniker-name-it-sv","10":"atta45_taxonomy-pennor-pennor-sv","11":"atta45_taxonomy-elektronik-kontor-pennor-sv","12":"atta45_taxonomy-pennor-sv","13":"atta45_taxonomy-pennor-stylus-touchscreen-sv","14":"atta45_taxonomy-elektronik-kontor-stylus-touchscreen-sv","15":"atta45_taxonomy-tema-inspiration-sv","16":"atta45_taxonomy-tema-inspiration-branscher-utbildning-sv","18":"first","19":"instock","20":"taxable","21":"shipping-taxable","22":"purchasable","23":"product-type-variable"},"acf":[],"_links":{"self":[{"href":"https:\/\/www.atta45.se\/e-butik\/wp-json\/wp\/v2\/product\/23351","targetHints":{"allow":["GET"]}}],"collection":[{"href":"https:\/\/www.atta45.se\/e-butik\/wp-json\/wp\/v2\/product"}],"about":[{"href":"https:\/\/www.atta45.se\/e-butik\/wp-json\/wp\/v2\/types\/product"}],"wp:featuredmedia":[{"embeddable":true,"href":"https:\/\/www.atta45.se\/e-butik\/wp-json\/wp\/v2\/media\/23352"}],"wp:attachment":[{"href":"https:\/\/www.atta45.se\/e-butik\/wp-json\/wp\/v2\/media?parent=23351"}],"wp:term":[{"taxonomy":"product_brand","embeddable":true,"href":"https:\/\/www.atta45.se\/e-butik\/wp-json\/wp\/v2\/product_brand?post=23351"},{"taxonomy":"product_cat","embeddable":true,"href":"https:\/\/www.atta45.se\/e-butik\/wp-json\/wp\/v2\/product_cat?post=23351"},{"taxonomy":"product_tag","embeddable":true,"href":"https:\/\/www.atta45.se\/e-butik\/wp-json\/wp\/v2\/product_tag?post=23351"}],"curies":[{"name":"wp","href":"https:\/\/api.w.org\/{rel}","templated":true}]}}