{"id":23251,"date":"2024-12-26T16:01:19","date_gmt":"2024-12-26T15:01:19","guid":{"rendered":"https:\/\/www.atta45.se\/e-butik\/?post_type=product&#038;p=23251"},"modified":"2025-10-27T14:04:33","modified_gmt":"2025-10-27T13:04:33","slug":"tracker-i-abs-tradlos-teknik-gerard","status":"publish","type":"product","link":"https:\/\/www.atta45.se\/e-butik\/produkt\/tracker-i-abs-tradlos-teknik-gerard\/","title":{"rendered":"Tracker i ABS (tr\u00e5dl\u00f6s teknik) Gerard"},"content":{"rendered":"<p>ABS tracker med tr\u00e5dl\u00f6s tr\u00e5dl\u00f6s teknik teknik f\u00f6r att hitta f\u00f6rsvunna \u00e4godelar. Kan \u00e4ven anv\u00e4ndas som fj\u00e4rrkontroll till mobiltelefonens kamera. Pinga din exakta position f\u00f6r att lokalisera var bilen \u00e4r parkerad. Produkten anv\u00e4nder en app i din smart phone.<\/p>\n","protected":false},"excerpt":{"rendered":"<p>ABS tracker med tr\u00e5dl\u00f6s tr\u00e5dl\u00f6s teknik teknik f\u00f6r att hitta f\u00f6rsvunna \u00e4godelar. Kan \u00e4ven anv\u00e4ndas som fj\u00e4rrkontroll till mobiltelefonens kamera. Pinga din exakta position f\u00f6r att lokalisera var bilen \u00e4r parkerad. Produkten anv\u00e4nder en app i din smart phone.<\/p>\n","protected":false},"featured_media":23252,"template":"","meta":{"_acf_changed":false,"_seopress_robots_primary_cat":"","_seopress_titles_title":"","_seopress_titles_desc":"","_seopress_robots_index":""},"product_brand":[],"product_cat":[15],"product_tag":[],"class_list":{"0":"post-23251","1":"product","2":"type-product","3":"status-publish","4":"has-post-thumbnail","6":"product_cat-okategoriserad","7":"atta45_taxonomy-tema-inspiration-ogonblick-framtiden-ar-din-sv","8":"atta45_taxonomy-elektronik-kontor-kontorsartiklar-sv","9":"atta45_taxonomy-praktiska-ting-nyckelringar-utan-lampor-sv","10":"atta45_taxonomy-tema-inspiration-sv","11":"atta45_taxonomy-reflexer-verktyg-sakerhet-verktyg-sv","13":"first","14":"instock","15":"taxable","16":"shipping-taxable","17":"purchasable","18":"product-type-variable"},"acf":[],"_links":{"self":[{"href":"https:\/\/www.atta45.se\/e-butik\/wp-json\/wp\/v2\/product\/23251","targetHints":{"allow":["GET"]}}],"collection":[{"href":"https:\/\/www.atta45.se\/e-butik\/wp-json\/wp\/v2\/product"}],"about":[{"href":"https:\/\/www.atta45.se\/e-butik\/wp-json\/wp\/v2\/types\/product"}],"wp:featuredmedia":[{"embeddable":true,"href":"https:\/\/www.atta45.se\/e-butik\/wp-json\/wp\/v2\/media\/23252"}],"wp:attachment":[{"href":"https:\/\/www.atta45.se\/e-butik\/wp-json\/wp\/v2\/media?parent=23251"}],"wp:term":[{"taxonomy":"product_brand","embeddable":true,"href":"https:\/\/www.atta45.se\/e-butik\/wp-json\/wp\/v2\/product_brand?post=23251"},{"taxonomy":"product_cat","embeddable":true,"href":"https:\/\/www.atta45.se\/e-butik\/wp-json\/wp\/v2\/product_cat?post=23251"},{"taxonomy":"product_tag","embeddable":true,"href":"https:\/\/www.atta45.se\/e-butik\/wp-json\/wp\/v2\/product_tag?post=23251"}],"curies":[{"name":"wp","href":"https:\/\/api.w.org\/{rel}","templated":true}]}}