{"id":23217,"date":"2024-12-26T16:01:03","date_gmt":"2024-12-26T15:01:03","guid":{"rendered":"https:\/\/www.atta45.se\/e-butik\/?post_type=product&#038;p=23217"},"modified":"2025-10-28T00:14:20","modified_gmt":"2025-10-27T23:14:20","slug":"linjal-med-gradskiva-och-forstoringsglas","status":"publish","type":"product","link":"https:\/\/www.atta45.se\/e-butik\/produkt\/linjal-med-gradskiva-och-forstoringsglas\/","title":{"rendered":"Linjal med gradskiva och f\u00f6rstoringsglas Ashlyn"},"content":{"rendered":"<p>Linjal i transparent plast med 150 mm m\u00e5ttskala, liten gradskiva och f\u00f6rstoringsglas.<\/p>\n","protected":false},"excerpt":{"rendered":"<p>Linjal i transparent plast med 150 mm m\u00e5ttskala, liten gradskiva och f\u00f6rstoringsglas.<\/p>\n","protected":false},"featured_media":23218,"template":"","meta":{"_acf_changed":false,"_seopress_robots_primary_cat":"","_seopress_titles_title":"","_seopress_titles_desc":"","_seopress_robots_index":""},"product_brand":[],"product_cat":[15],"product_tag":[],"class_list":{"0":"post-23217","1":"product","2":"type-product","3":"status-publish","4":"has-post-thumbnail","6":"product_cat-okategoriserad","7":"atta45_taxonomy-elektronik-kontor-kontorsartiklar-sv","8":"atta45_taxonomy-pennor-rit-farglaggning-sv","9":"atta45_taxonomy-fritid-spel-leksaker-rit-farglaggning-sv","10":"atta45_taxonomy-tema-inspiration-ogonblick-skoldags-sv","11":"atta45_taxonomy-fritid-spel-leksaker-sv","12":"atta45_taxonomy-tema-inspiration-sv","14":"first","15":"instock","16":"taxable","17":"shipping-taxable","18":"purchasable","19":"product-type-variable"},"acf":[],"_links":{"self":[{"href":"https:\/\/www.atta45.se\/e-butik\/wp-json\/wp\/v2\/product\/23217","targetHints":{"allow":["GET"]}}],"collection":[{"href":"https:\/\/www.atta45.se\/e-butik\/wp-json\/wp\/v2\/product"}],"about":[{"href":"https:\/\/www.atta45.se\/e-butik\/wp-json\/wp\/v2\/types\/product"}],"wp:featuredmedia":[{"embeddable":true,"href":"https:\/\/www.atta45.se\/e-butik\/wp-json\/wp\/v2\/media\/23218"}],"wp:attachment":[{"href":"https:\/\/www.atta45.se\/e-butik\/wp-json\/wp\/v2\/media?parent=23217"}],"wp:term":[{"taxonomy":"product_brand","embeddable":true,"href":"https:\/\/www.atta45.se\/e-butik\/wp-json\/wp\/v2\/product_brand?post=23217"},{"taxonomy":"product_cat","embeddable":true,"href":"https:\/\/www.atta45.se\/e-butik\/wp-json\/wp\/v2\/product_cat?post=23217"},{"taxonomy":"product_tag","embeddable":true,"href":"https:\/\/www.atta45.se\/e-butik\/wp-json\/wp\/v2\/product_tag?post=23217"}],"curies":[{"name":"wp","href":"https:\/\/api.w.org\/{rel}","templated":true}]}}