{"id":23109,"date":"2024-12-26T16:00:18","date_gmt":"2024-12-26T15:00:18","guid":{"rendered":"https:\/\/www.atta45.se\/e-butik\/?post_type=product&#038;p=23109"},"modified":"2025-10-27T22:42:14","modified_gmt":"2025-10-27T21:42:14","slug":"pennhallare-med-klocka-carter","status":"publish","type":"product","link":"https:\/\/www.atta45.se\/e-butik\/produkt\/pennhallare-med-klocka-carter\/","title":{"rendered":"Pennh\u00e5llare med klocka, ABS, Carter"},"content":{"rendered":"<p>Pennh\u00e5llare med tid, kalender, alarm och termometer. Best\u00e5r av en transparent beh\u00e5llare med den elektroniska delen i silverf\u00e4rgad plast. Batterier medf\u00f6ljer.<\/p>\n","protected":false},"excerpt":{"rendered":"<p>Pennh\u00e5llare med tid, kalender, alarm och termometer. Best\u00e5r av en transparent beh\u00e5llare med den elektroniska delen i silverf\u00e4rgad plast. Batterier medf\u00f6ljer.<\/p>\n","protected":false},"featured_media":23110,"template":"","meta":{"_acf_changed":false,"_seopress_robots_primary_cat":"","_seopress_titles_title":"","_seopress_titles_desc":"","_seopress_robots_index":""},"product_brand":[],"product_cat":[15],"product_tag":[],"class_list":{"0":"post-23109","1":"product","2":"type-product","3":"status-publish","4":"has-post-thumbnail","6":"product_cat-okategoriserad","7":"atta45_taxonomy-elektronik-kontor-kontorsartiklar-sv","8":"atta45_taxonomy-tema-inspiration-ogonblick-kontorsliv-sv","9":"atta45_taxonomy-tema-inspiration-sv","11":"first","12":"instock","13":"taxable","14":"shipping-taxable","15":"purchasable","16":"product-type-variable"},"acf":[],"_links":{"self":[{"href":"https:\/\/www.atta45.se\/e-butik\/wp-json\/wp\/v2\/product\/23109","targetHints":{"allow":["GET"]}}],"collection":[{"href":"https:\/\/www.atta45.se\/e-butik\/wp-json\/wp\/v2\/product"}],"about":[{"href":"https:\/\/www.atta45.se\/e-butik\/wp-json\/wp\/v2\/types\/product"}],"wp:featuredmedia":[{"embeddable":true,"href":"https:\/\/www.atta45.se\/e-butik\/wp-json\/wp\/v2\/media\/23110"}],"wp:attachment":[{"href":"https:\/\/www.atta45.se\/e-butik\/wp-json\/wp\/v2\/media?parent=23109"}],"wp:term":[{"taxonomy":"product_brand","embeddable":true,"href":"https:\/\/www.atta45.se\/e-butik\/wp-json\/wp\/v2\/product_brand?post=23109"},{"taxonomy":"product_cat","embeddable":true,"href":"https:\/\/www.atta45.se\/e-butik\/wp-json\/wp\/v2\/product_cat?post=23109"},{"taxonomy":"product_tag","embeddable":true,"href":"https:\/\/www.atta45.se\/e-butik\/wp-json\/wp\/v2\/product_tag?post=23109"}],"curies":[{"name":"wp","href":"https:\/\/api.w.org\/{rel}","templated":true}]}}