{"id":23015,"date":"2024-12-26T15:59:43","date_gmt":"2024-12-26T14:59:43","guid":{"rendered":"https:\/\/www.atta45.se\/e-butik\/?post_type=product&#038;p=23015"},"modified":"2025-10-27T22:28:44","modified_gmt":"2025-10-27T21:28:44","slug":"bokmarke-med-notislappar-clay","status":"publish","type":"product","link":"https:\/\/www.atta45.se\/e-butik\/produkt\/bokmarke-med-notislappar-clay\/","title":{"rendered":"Bokm\u00e4rke med notislappar Clay"},"content":{"rendered":"<p>Bokm\u00e4rke i naturf\u00e4rgad kartong med notislappar i 6 olika f\u00e4rger. P\u00e5 baksidan finns linjaler tryckta i cm och tum. 16 blad per f\u00e4rg.<\/p>\n","protected":false},"excerpt":{"rendered":"<p>Bokm\u00e4rke i naturf\u00e4rgad kartong med notislappar i 6 olika f\u00e4rger. P\u00e5 baksidan finns linjaler tryckta i cm och tum. 16 blad per f\u00e4rg.<\/p>\n","protected":false},"featured_media":23016,"template":"","meta":{"_acf_changed":false,"_seopress_robots_primary_cat":"","_seopress_titles_title":"","_seopress_titles_desc":"","_seopress_robots_index":""},"product_brand":[],"product_cat":[15],"product_tag":[],"class_list":{"0":"post-23015","1":"product","2":"type-product","3":"status-publish","4":"has-post-thumbnail","6":"product_cat-okategoriserad","7":"atta45_taxonomy-tema-inspiration-ogonblick-en-gron-planet-sv","8":"atta45_taxonomy-tema-inspiration-grona-intryck-sv","9":"atta45_taxonomy-tema-inspiration-grona-intryck-kartong-sv","10":"atta45_taxonomy-elektronik-kontor-kontorsartiklar-sv","11":"atta45_taxonomy-elektronik-kontor-memohallare-sv","12":"atta45_taxonomy-tema-inspiration-ogonblick-skoldags-sv","13":"atta45_taxonomy-tema-inspiration-sv","15":"first","16":"instock","17":"taxable","18":"shipping-taxable","19":"purchasable","20":"product-type-variable"},"acf":[],"_links":{"self":[{"href":"https:\/\/www.atta45.se\/e-butik\/wp-json\/wp\/v2\/product\/23015","targetHints":{"allow":["GET"]}}],"collection":[{"href":"https:\/\/www.atta45.se\/e-butik\/wp-json\/wp\/v2\/product"}],"about":[{"href":"https:\/\/www.atta45.se\/e-butik\/wp-json\/wp\/v2\/types\/product"}],"wp:featuredmedia":[{"embeddable":true,"href":"https:\/\/www.atta45.se\/e-butik\/wp-json\/wp\/v2\/media\/23016"}],"wp:attachment":[{"href":"https:\/\/www.atta45.se\/e-butik\/wp-json\/wp\/v2\/media?parent=23015"}],"wp:term":[{"taxonomy":"product_brand","embeddable":true,"href":"https:\/\/www.atta45.se\/e-butik\/wp-json\/wp\/v2\/product_brand?post=23015"},{"taxonomy":"product_cat","embeddable":true,"href":"https:\/\/www.atta45.se\/e-butik\/wp-json\/wp\/v2\/product_cat?post=23015"},{"taxonomy":"product_tag","embeddable":true,"href":"https:\/\/www.atta45.se\/e-butik\/wp-json\/wp\/v2\/product_tag?post=23015"}],"curies":[{"name":"wp","href":"https:\/\/api.w.org\/{rel}","templated":true}]}}