{"id":23001,"date":"2024-12-26T15:59:38","date_gmt":"2024-12-26T14:59:38","guid":{"rendered":"https:\/\/www.atta45.se\/e-butik\/?post_type=product&#038;p=23001"},"modified":"2025-10-27T22:27:16","modified_gmt":"2025-10-27T21:27:16","slug":"linjal-30-cm-med-tillbehor","status":"publish","type":"product","link":"https:\/\/www.atta45.se\/e-butik\/produkt\/linjal-30-cm-med-tillbehor\/","title":{"rendered":"Ruler, PS (30 cm) with accessories, Pascale"},"content":{"rendered":"<p>Linjal, 30 cm, i plast med 2 blyertspennor, pennv\u00e4ssare och suddgummi smart sammanpackat ovanp\u00e5 linjalen. M\u00e5ttskala i cm och tum.<\/p>\n","protected":false},"excerpt":{"rendered":"<p>Linjal, 30 cm, i plast med 2 blyertspennor, pennv\u00e4ssare och suddgummi smart sammanpackat ovanp\u00e5 linjalen. M\u00e5ttskala i cm och tum.<\/p>\n","protected":false},"featured_media":23002,"template":"","meta":{"_acf_changed":false,"_seopress_robots_primary_cat":"","_seopress_titles_title":"","_seopress_titles_desc":"","_seopress_robots_index":""},"product_brand":[],"product_cat":[15],"product_tag":[],"class_list":{"0":"post-23001","1":"product","2":"type-product","3":"status-publish","4":"has-post-thumbnail","6":"product_cat-okategoriserad","7":"atta45_taxonomy-elektronik-kontor-kontorsartiklar-sv","8":"atta45_taxonomy-tema-inspiration-ogonblick-kontorsliv-sv","9":"atta45_taxonomy-pennor-rit-farglaggning-sv","10":"atta45_taxonomy-fritid-spel-leksaker-rit-farglaggning-sv","11":"atta45_taxonomy-fritid-spel-leksaker-sv","12":"atta45_taxonomy-tema-inspiration-sv","14":"first","15":"instock","16":"taxable","17":"shipping-taxable","18":"purchasable","19":"product-type-variable"},"acf":[],"_links":{"self":[{"href":"https:\/\/www.atta45.se\/e-butik\/wp-json\/wp\/v2\/product\/23001","targetHints":{"allow":["GET"]}}],"collection":[{"href":"https:\/\/www.atta45.se\/e-butik\/wp-json\/wp\/v2\/product"}],"about":[{"href":"https:\/\/www.atta45.se\/e-butik\/wp-json\/wp\/v2\/types\/product"}],"wp:featuredmedia":[{"embeddable":true,"href":"https:\/\/www.atta45.se\/e-butik\/wp-json\/wp\/v2\/media\/23002"}],"wp:attachment":[{"href":"https:\/\/www.atta45.se\/e-butik\/wp-json\/wp\/v2\/media?parent=23001"}],"wp:term":[{"taxonomy":"product_brand","embeddable":true,"href":"https:\/\/www.atta45.se\/e-butik\/wp-json\/wp\/v2\/product_brand?post=23001"},{"taxonomy":"product_cat","embeddable":true,"href":"https:\/\/www.atta45.se\/e-butik\/wp-json\/wp\/v2\/product_cat?post=23001"},{"taxonomy":"product_tag","embeddable":true,"href":"https:\/\/www.atta45.se\/e-butik\/wp-json\/wp\/v2\/product_tag?post=23001"}],"curies":[{"name":"wp","href":"https:\/\/api.w.org\/{rel}","templated":true}]}}