{"id":22989,"date":"2024-12-26T15:59:32","date_gmt":"2024-12-26T14:59:32","guid":{"rendered":"https:\/\/www.atta45.se\/e-butik\/?post_type=product&#038;p=22989"},"modified":"2025-10-27T22:26:43","modified_gmt":"2025-10-27T21:26:43","slug":"linjal-20-cm-med-miniraknare","status":"publish","type":"product","link":"https:\/\/www.atta45.se\/e-butik\/produkt\/linjal-20-cm-med-miniraknare\/","title":{"rendered":"Linjal av ABS (20 cm) med minir\u00e4knare, Heather"},"content":{"rendered":"<p>20 cm linjal i plast med solcells minir\u00e4knare 8 tecken. M\u00e5ttskala f\u00f6r cm och tum.<\/p>\n","protected":false},"excerpt":{"rendered":"<p>20 cm linjal i plast med solcells minir\u00e4knare 8 tecken. M\u00e5ttskala f\u00f6r cm och tum.<\/p>\n","protected":false},"featured_media":22990,"template":"","meta":{"_acf_changed":false,"_seopress_robots_primary_cat":"","_seopress_titles_title":"","_seopress_titles_desc":"","_seopress_robots_index":""},"product_brand":[],"product_cat":[15],"product_tag":[],"class_list":{"0":"post-22989","1":"product","2":"type-product","3":"status-publish","4":"has-post-thumbnail","6":"product_cat-okategoriserad","7":"atta45_taxonomy-tema-inspiration-grona-intryck-sv","8":"atta45_taxonomy-elektronik-kontor-kontorsartiklar-sv","9":"atta45_taxonomy-pennor-rit-farglaggning-sv","10":"atta45_taxonomy-fritid-spel-leksaker-rit-farglaggning-sv","11":"atta45_taxonomy-tema-inspiration-ogonblick-skoldags-sv","12":"atta45_taxonomy-fritid-spel-leksaker-sv","13":"atta45_taxonomy-tema-inspiration-sv","15":"first","16":"instock","17":"taxable","18":"shipping-taxable","19":"purchasable","20":"product-type-variable"},"acf":[],"_links":{"self":[{"href":"https:\/\/www.atta45.se\/e-butik\/wp-json\/wp\/v2\/product\/22989","targetHints":{"allow":["GET"]}}],"collection":[{"href":"https:\/\/www.atta45.se\/e-butik\/wp-json\/wp\/v2\/product"}],"about":[{"href":"https:\/\/www.atta45.se\/e-butik\/wp-json\/wp\/v2\/types\/product"}],"wp:featuredmedia":[{"embeddable":true,"href":"https:\/\/www.atta45.se\/e-butik\/wp-json\/wp\/v2\/media\/22990"}],"wp:attachment":[{"href":"https:\/\/www.atta45.se\/e-butik\/wp-json\/wp\/v2\/media?parent=22989"}],"wp:term":[{"taxonomy":"product_brand","embeddable":true,"href":"https:\/\/www.atta45.se\/e-butik\/wp-json\/wp\/v2\/product_brand?post=22989"},{"taxonomy":"product_cat","embeddable":true,"href":"https:\/\/www.atta45.se\/e-butik\/wp-json\/wp\/v2\/product_cat?post=22989"},{"taxonomy":"product_tag","embeddable":true,"href":"https:\/\/www.atta45.se\/e-butik\/wp-json\/wp\/v2\/product_tag?post=22989"}],"curies":[{"name":"wp","href":"https:\/\/api.w.org\/{rel}","templated":true}]}}