{"id":22921,"date":"2024-12-26T15:59:02","date_gmt":"2024-12-26T14:59:02","guid":{"rendered":"https:\/\/www.atta45.se\/e-butik\/?post_type=product&#038;p=22921"},"modified":"2025-10-27T19:51:51","modified_gmt":"2025-10-27T18:51:51","slug":"liten-hygrometer-kinsley","status":"publish","type":"product","link":"https:\/\/www.atta45.se\/e-butik\/produkt\/liten-hygrometer-kinsley\/","title":{"rendered":"Liten hygrometer Kinsley"},"content":{"rendered":"<p>ABS-liten hygrometer. Visar temperatur och luftfuktighet. Fotst\u00f6d p\u00e5 baksidan. Inklusive batterier. Individuellt f\u00f6rpackad i en vit l\u00e5da.<\/p>\n","protected":false},"excerpt":{"rendered":"<p>ABS-liten hygrometer. Visar temperatur och luftfuktighet. Fotst\u00f6d p\u00e5 baksidan. Inklusive batterier. Individuellt f\u00f6rpackad i en vit l\u00e5da.<\/p>\n","protected":false},"featured_media":22922,"template":"","meta":{"_acf_changed":false,"_seopress_robots_primary_cat":"","_seopress_titles_title":"","_seopress_titles_desc":"","_seopress_robots_index":""},"product_brand":[],"product_cat":[15],"product_tag":[],"class_list":{"0":"post-22921","1":"product","2":"type-product","3":"status-publish","4":"has-post-thumbnail","6":"product_cat-okategoriserad","7":"atta45_taxonomy-elektronik-kontor-sv","8":"atta45_taxonomy-elektronik-kontor-kontorsartiklar-sv","9":"atta45_taxonomy-tema-inspiration-ogonblick-kontorsliv-sv","10":"atta45_taxonomy-nyheter-sv","11":"atta45_taxonomy-tema-inspiration-utvalda-produkter-nyheter-sv","12":"atta45_taxonomy-tema-inspiration-sv","13":"atta45_taxonomy-elektronik-kontor-vaderstationer-sv","14":"atta45_taxonomy-hem-hushall-vaderstationer-sv","16":"first","17":"instock","18":"taxable","19":"shipping-taxable","20":"purchasable","21":"product-type-variable"},"acf":[],"_links":{"self":[{"href":"https:\/\/www.atta45.se\/e-butik\/wp-json\/wp\/v2\/product\/22921","targetHints":{"allow":["GET"]}}],"collection":[{"href":"https:\/\/www.atta45.se\/e-butik\/wp-json\/wp\/v2\/product"}],"about":[{"href":"https:\/\/www.atta45.se\/e-butik\/wp-json\/wp\/v2\/types\/product"}],"wp:featuredmedia":[{"embeddable":true,"href":"https:\/\/www.atta45.se\/e-butik\/wp-json\/wp\/v2\/media\/22922"}],"wp:attachment":[{"href":"https:\/\/www.atta45.se\/e-butik\/wp-json\/wp\/v2\/media?parent=22921"}],"wp:term":[{"taxonomy":"product_brand","embeddable":true,"href":"https:\/\/www.atta45.se\/e-butik\/wp-json\/wp\/v2\/product_brand?post=22921"},{"taxonomy":"product_cat","embeddable":true,"href":"https:\/\/www.atta45.se\/e-butik\/wp-json\/wp\/v2\/product_cat?post=22921"},{"taxonomy":"product_tag","embeddable":true,"href":"https:\/\/www.atta45.se\/e-butik\/wp-json\/wp\/v2\/product_tag?post=22921"}],"curies":[{"name":"wp","href":"https:\/\/api.w.org\/{rel}","templated":true}]}}