{"id":22897,"date":"2024-12-26T15:58:50","date_gmt":"2024-12-26T14:58:50","guid":{"rendered":"https:\/\/www.atta45.se\/e-butik\/?post_type=product&#038;p=22897"},"modified":"2025-10-27T19:49:47","modified_gmt":"2025-10-27T18:49:47","slug":"usb-hub-i-atervunnen-aluminium-layton","status":"publish","type":"product","link":"https:\/\/www.atta45.se\/e-butik\/produkt\/usb-hub-i-atervunnen-aluminium-layton\/","title":{"rendered":"USB-hub i \u00e5tervunnen aluminium Layton"},"content":{"rendered":"<p>USB-hub i aluminium med 3 portar. Tv\u00e5 USB A-portar och en USB C-port. \u00c5tervinningslogotypen \u00e4r graverad p\u00e5 framsidan.<\/p>\n","protected":false},"excerpt":{"rendered":"<p>USB-hub i aluminium med 3 portar. Tv\u00e5 USB A-portar och en USB C-port. \u00c5tervinningslogotypen \u00e4r graverad p\u00e5 framsidan.<\/p>\n","protected":false},"featured_media":22898,"template":"","meta":{"_acf_changed":false,"_seopress_robots_primary_cat":"","_seopress_titles_title":"","_seopress_titles_desc":"","_seopress_robots_index":""},"product_brand":[],"product_cat":[15],"product_tag":[],"class_list":{"0":"post-22897","1":"product","2":"type-product","3":"status-publish","4":"has-post-thumbnail","6":"product_cat-okategoriserad","7":"atta45_taxonomy-elektronik-kontor-sv","8":"atta45_taxonomy-tema-inspiration-grona-intryck-sv","9":"atta45_taxonomy-elektronik-kontor-kontorsartiklar-sv","10":"atta45_taxonomy-tema-inspiration-utvalda-produkter-nyheter-sv","11":"atta45_taxonomy-nyheter-sv","12":"atta45_taxonomy-elektronik-kontor-usb-minnen-sv","14":"first","15":"instock","16":"taxable","17":"shipping-taxable","18":"purchasable","19":"product-type-variable"},"acf":[],"_links":{"self":[{"href":"https:\/\/www.atta45.se\/e-butik\/wp-json\/wp\/v2\/product\/22897","targetHints":{"allow":["GET"]}}],"collection":[{"href":"https:\/\/www.atta45.se\/e-butik\/wp-json\/wp\/v2\/product"}],"about":[{"href":"https:\/\/www.atta45.se\/e-butik\/wp-json\/wp\/v2\/types\/product"}],"wp:featuredmedia":[{"embeddable":true,"href":"https:\/\/www.atta45.se\/e-butik\/wp-json\/wp\/v2\/media\/22898"}],"wp:attachment":[{"href":"https:\/\/www.atta45.se\/e-butik\/wp-json\/wp\/v2\/media?parent=22897"}],"wp:term":[{"taxonomy":"product_brand","embeddable":true,"href":"https:\/\/www.atta45.se\/e-butik\/wp-json\/wp\/v2\/product_brand?post=22897"},{"taxonomy":"product_cat","embeddable":true,"href":"https:\/\/www.atta45.se\/e-butik\/wp-json\/wp\/v2\/product_cat?post=22897"},{"taxonomy":"product_tag","embeddable":true,"href":"https:\/\/www.atta45.se\/e-butik\/wp-json\/wp\/v2\/product_tag?post=22897"}],"curies":[{"name":"wp","href":"https:\/\/api.w.org\/{rel}","templated":true}]}}