{"id":22887,"date":"2024-12-26T15:58:44","date_gmt":"2024-12-26T14:58:44","guid":{"rendered":"https:\/\/www.atta45.se\/e-butik\/?post_type=product&#038;p=22887"},"modified":"2025-10-27T19:35:55","modified_gmt":"2025-10-27T18:35:55","slug":"plyschleksak-omvandbar-isla","status":"publish","type":"product","link":"https:\/\/www.atta45.se\/e-butik\/produkt\/plyschleksak-omvandbar-isla\/","title":{"rendered":"Plyschleksak omv\u00e4ndbar Isla"},"content":{"rendered":"<p>Plyschomv\u00e4ndbar leksak. Insidan och utsidan skiljer sig \u00e5t. Ena sidan glad moln, andra sidan ledsen moln. Inklusive \u00f6ronm\u00e4rke f\u00f6r tryck.<\/p>\n","protected":false},"excerpt":{"rendered":"<p>Plyschomv\u00e4ndbar leksak. Insidan och utsidan skiljer sig \u00e5t. Ena sidan glad moln, andra sidan ledsen moln. Inklusive \u00f6ronm\u00e4rke f\u00f6r tryck.<\/p>\n","protected":false},"featured_media":22888,"template":"","meta":{"_acf_changed":false,"_seopress_robots_primary_cat":"","_seopress_titles_title":"","_seopress_titles_desc":"","_seopress_robots_index":""},"product_brand":[],"product_cat":[15],"product_tag":[],"class_list":{"0":"post-22887","1":"product","2":"type-product","3":"status-publish","4":"has-post-thumbnail","6":"product_cat-okategoriserad","7":"atta45_taxonomy-elektronik-kontor-kontorsartiklar-sv","8":"atta45_taxonomy-nyheter-sv","9":"atta45_taxonomy-tema-inspiration-utvalda-produkter-nyheter-sv","10":"atta45_taxonomy-fritid-spel-leksaker-plysch-sv","11":"atta45_taxonomy-fritid-spel-leksaker-sv","13":"first","14":"instock","15":"taxable","16":"shipping-taxable","17":"purchasable","18":"product-type-variable"},"acf":[],"_links":{"self":[{"href":"https:\/\/www.atta45.se\/e-butik\/wp-json\/wp\/v2\/product\/22887","targetHints":{"allow":["GET"]}}],"collection":[{"href":"https:\/\/www.atta45.se\/e-butik\/wp-json\/wp\/v2\/product"}],"about":[{"href":"https:\/\/www.atta45.se\/e-butik\/wp-json\/wp\/v2\/types\/product"}],"wp:featuredmedia":[{"embeddable":true,"href":"https:\/\/www.atta45.se\/e-butik\/wp-json\/wp\/v2\/media\/22888"}],"wp:attachment":[{"href":"https:\/\/www.atta45.se\/e-butik\/wp-json\/wp\/v2\/media?parent=22887"}],"wp:term":[{"taxonomy":"product_brand","embeddable":true,"href":"https:\/\/www.atta45.se\/e-butik\/wp-json\/wp\/v2\/product_brand?post=22887"},{"taxonomy":"product_cat","embeddable":true,"href":"https:\/\/www.atta45.se\/e-butik\/wp-json\/wp\/v2\/product_cat?post=22887"},{"taxonomy":"product_tag","embeddable":true,"href":"https:\/\/www.atta45.se\/e-butik\/wp-json\/wp\/v2\/product_tag?post=22887"}],"curies":[{"name":"wp","href":"https:\/\/api.w.org\/{rel}","templated":true}]}}