{"id":22847,"date":"2024-12-26T15:58:23","date_gmt":"2024-12-26T14:58:23","guid":{"rendered":"https:\/\/www.atta45.se\/e-butik\/?post_type=product&#038;p=22847"},"modified":"2025-10-27T19:29:49","modified_gmt":"2025-10-27T18:29:49","slug":"tradlos-bambu-hogtalare-fox","status":"publish","type":"product","link":"https:\/\/www.atta45.se\/e-butik\/produkt\/tradlos-bambu-hogtalare-fox\/","title":{"rendered":"Tr\u00e5dl\u00f6s bambu h\u00f6gtalare Fox"},"content":{"rendered":"<p>Tr\u00e5dl\u00f6s h\u00f6gtalare av bambu med solenergiladdning. Inkluderar 3 W USB-C-laddningskabel. Batteritid upp till 4 timmar (500 mAh).<\/p>\n","protected":false},"excerpt":{"rendered":"<p>Tr\u00e5dl\u00f6s h\u00f6gtalare av bambu med solenergiladdning. Inkluderar 3 W USB-C-laddningskabel. Batteritid upp till 4 timmar (500 mAh).<\/p>\n","protected":false},"featured_media":22848,"template":"","meta":{"_acf_changed":false,"_seopress_robots_primary_cat":"","_seopress_titles_title":"","_seopress_titles_desc":"","_seopress_robots_index":""},"product_brand":[],"product_cat":[15],"product_tag":[],"class_list":{"0":"post-22847","1":"product","2":"type-product","3":"status-publish","4":"has-post-thumbnail","6":"product_cat-okategoriserad","7":"atta45_taxonomy-tema-inspiration-grona-intryck-bambu-sv","8":"atta45_taxonomy-tema-inspiration-grona-intryck-eco-basic-sv","9":"atta45_taxonomy-elektronik-kontor-sv","10":"atta45_taxonomy-tema-inspiration-ogonblick-en-dag-i-parken-sv","11":"atta45_taxonomy-fritid-sv","12":"atta45_taxonomy-tema-inspiration-grona-intryck-sv","13":"atta45_taxonomy-elektronik-kontor-kontorsartiklar-sv","14":"atta45_taxonomy-nyheter-sv","15":"atta45_taxonomy-tema-inspiration-utvalda-produkter-nyheter-sv","16":"atta45_taxonomy-elektronik-kontor-powerbank-speakers-sv","17":"atta45_taxonomy-tema-inspiration-sv","19":"first","20":"instock","21":"taxable","22":"shipping-taxable","23":"purchasable","24":"product-type-variable"},"acf":[],"_links":{"self":[{"href":"https:\/\/www.atta45.se\/e-butik\/wp-json\/wp\/v2\/product\/22847","targetHints":{"allow":["GET"]}}],"collection":[{"href":"https:\/\/www.atta45.se\/e-butik\/wp-json\/wp\/v2\/product"}],"about":[{"href":"https:\/\/www.atta45.se\/e-butik\/wp-json\/wp\/v2\/types\/product"}],"wp:featuredmedia":[{"embeddable":true,"href":"https:\/\/www.atta45.se\/e-butik\/wp-json\/wp\/v2\/media\/22848"}],"wp:attachment":[{"href":"https:\/\/www.atta45.se\/e-butik\/wp-json\/wp\/v2\/media?parent=22847"}],"wp:term":[{"taxonomy":"product_brand","embeddable":true,"href":"https:\/\/www.atta45.se\/e-butik\/wp-json\/wp\/v2\/product_brand?post=22847"},{"taxonomy":"product_cat","embeddable":true,"href":"https:\/\/www.atta45.se\/e-butik\/wp-json\/wp\/v2\/product_cat?post=22847"},{"taxonomy":"product_tag","embeddable":true,"href":"https:\/\/www.atta45.se\/e-butik\/wp-json\/wp\/v2\/product_tag?post=22847"}],"curies":[{"name":"wp","href":"https:\/\/api.w.org\/{rel}","templated":true}]}}