{"id":22807,"date":"2024-12-26T15:58:05","date_gmt":"2024-12-26T14:58:05","guid":{"rendered":"https:\/\/www.atta45.se\/e-butik\/?post_type=product&#038;p=22807"},"modified":"2025-10-27T16:53:53","modified_gmt":"2025-10-27T15:53:53","slug":"dokumentvaska-i-rpet-filt","status":"publish","type":"product","link":"https:\/\/www.atta45.se\/e-butik\/produkt\/dokumentvaska-i-rpet-filt\/","title":{"rendered":"Dokumentv\u00e4ska i RPET filt"},"content":{"rendered":"<p>Dokumentv\u00e4ska i RPET filt med detaljer i PU. Ett stort huvudfack. V\u00e4skan st\u00e4ngs med tv\u00e5 sp\u00e4nnen.<\/p>\n","protected":false},"excerpt":{"rendered":"<p>Dokumentv\u00e4ska i RPET filt med detaljer i PU. Ett stort huvudfack. V\u00e4skan st\u00e4ngs med tv\u00e5 sp\u00e4nnen.<\/p>\n","protected":false},"featured_media":22808,"template":"","meta":{"_acf_changed":false,"_seopress_robots_primary_cat":"","_seopress_titles_title":"","_seopress_titles_desc":"","_seopress_robots_index":""},"product_brand":[],"product_cat":[15],"product_tag":[],"class_list":{"0":"post-22807","1":"product","2":"type-product","3":"status-publish","4":"has-post-thumbnail","6":"product_cat-okategoriserad","7":"atta45_taxonomy-vaskor-resetillbehor-dokument-skolvaskor-sv","8":"atta45_taxonomy-elektronik-kontor-dokument-skolvaskor-sv","9":"atta45_taxonomy-tema-inspiration-grona-intryck-eko-vaskor-sv","10":"atta45_taxonomy-tema-inspiration-grona-intryck-sv","11":"atta45_taxonomy-tema-inspiration-speciella-trycktekniker-name-it-sv","12":"atta45_taxonomy-vaskor-resetillbehor-sv","14":"first","15":"instock","16":"taxable","17":"shipping-taxable","18":"purchasable","19":"product-type-variable"},"acf":[],"_links":{"self":[{"href":"https:\/\/www.atta45.se\/e-butik\/wp-json\/wp\/v2\/product\/22807","targetHints":{"allow":["GET"]}}],"collection":[{"href":"https:\/\/www.atta45.se\/e-butik\/wp-json\/wp\/v2\/product"}],"about":[{"href":"https:\/\/www.atta45.se\/e-butik\/wp-json\/wp\/v2\/types\/product"}],"wp:featuredmedia":[{"embeddable":true,"href":"https:\/\/www.atta45.se\/e-butik\/wp-json\/wp\/v2\/media\/22808"}],"wp:attachment":[{"href":"https:\/\/www.atta45.se\/e-butik\/wp-json\/wp\/v2\/media?parent=22807"}],"wp:term":[{"taxonomy":"product_brand","embeddable":true,"href":"https:\/\/www.atta45.se\/e-butik\/wp-json\/wp\/v2\/product_brand?post=22807"},{"taxonomy":"product_cat","embeddable":true,"href":"https:\/\/www.atta45.se\/e-butik\/wp-json\/wp\/v2\/product_cat?post=22807"},{"taxonomy":"product_tag","embeddable":true,"href":"https:\/\/www.atta45.se\/e-butik\/wp-json\/wp\/v2\/product_tag?post=22807"}],"curies":[{"name":"wp","href":"https:\/\/api.w.org\/{rel}","templated":true}]}}