{"id":22701,"date":"2024-12-26T15:57:18","date_gmt":"2024-12-26T14:57:18","guid":{"rendered":"https:\/\/www.atta45.se\/e-butik\/?post_type=product&#038;p=22701"},"modified":"2025-10-27T19:40:29","modified_gmt":"2025-10-27T18:40:29","slug":"resepase-i-polyester-600d-jace","status":"publish","type":"product","link":"https:\/\/www.atta45.se\/e-butik\/produkt\/resepase-i-polyester-600d-jace\/","title":{"rendered":"Resep\u00e5se i polyester (600D) Jace"},"content":{"rendered":"<p>Resep\u00e5se i polyester (600D) med kort b\u00e4rl\u00f6g. Ett fack med flera fickor f\u00f6r att b\u00e4ra kablar och resehandlingar. En liten ficka p\u00e5 framsidan.<\/p>\n","protected":false},"excerpt":{"rendered":"<p>Resep\u00e5se i polyester (600D) med kort b\u00e4rl\u00f6g. Ett fack med flera fickor f\u00f6r att b\u00e4ra kablar och resehandlingar. En liten ficka p\u00e5 framsidan.<\/p>\n","protected":false},"featured_media":22702,"template":"","meta":{"_acf_changed":false,"_seopress_robots_primary_cat":"","_seopress_titles_title":"","_seopress_titles_desc":"","_seopress_robots_index":""},"product_brand":[],"product_cat":[15],"product_tag":[],"class_list":{"0":"post-22701","1":"product","2":"type-product","3":"status-publish","4":"has-post-thumbnail","6":"product_cat-okategoriserad","7":"atta45_taxonomy-elektronik-kontor-dokument-skolvaskor-sv","8":"atta45_taxonomy-vaskor-resetillbehor-dokument-skolvaskor-sv","9":"atta45_taxonomy-tema-inspiration-ogonblick-kontorsliv-sv","10":"atta45_taxonomy-tema-inspiration-utvalda-produkter-nyheter-sv","11":"atta45_taxonomy-nyheter-sv","12":"atta45_taxonomy-elektronik-kontor-portfoljer-sv","13":"atta45_taxonomy-vaskor-resetillbehor-portfoljer-sv","14":"atta45_taxonomy-tema-inspiration-sv","15":"atta45_taxonomy-tema-inspiration-branscher-utbildning-sv","16":"atta45_taxonomy-textil-vaskor-bagar-sv","17":"atta45_taxonomy-vaskor-resetillbehor-sv","19":"first","20":"instock","21":"taxable","22":"shipping-taxable","23":"purchasable","24":"product-type-variable"},"acf":[],"_links":{"self":[{"href":"https:\/\/www.atta45.se\/e-butik\/wp-json\/wp\/v2\/product\/22701","targetHints":{"allow":["GET"]}}],"collection":[{"href":"https:\/\/www.atta45.se\/e-butik\/wp-json\/wp\/v2\/product"}],"about":[{"href":"https:\/\/www.atta45.se\/e-butik\/wp-json\/wp\/v2\/types\/product"}],"wp:featuredmedia":[{"embeddable":true,"href":"https:\/\/www.atta45.se\/e-butik\/wp-json\/wp\/v2\/media\/22702"}],"wp:attachment":[{"href":"https:\/\/www.atta45.se\/e-butik\/wp-json\/wp\/v2\/media?parent=22701"}],"wp:term":[{"taxonomy":"product_brand","embeddable":true,"href":"https:\/\/www.atta45.se\/e-butik\/wp-json\/wp\/v2\/product_brand?post=22701"},{"taxonomy":"product_cat","embeddable":true,"href":"https:\/\/www.atta45.se\/e-butik\/wp-json\/wp\/v2\/product_cat?post=22701"},{"taxonomy":"product_tag","embeddable":true,"href":"https:\/\/www.atta45.se\/e-butik\/wp-json\/wp\/v2\/product_tag?post=22701"}],"curies":[{"name":"wp","href":"https:\/\/api.w.org\/{rel}","templated":true}]}}