{"id":22679,"date":"2024-12-26T15:57:08","date_gmt":"2024-12-26T14:57:08","guid":{"rendered":"https:\/\/www.atta45.se\/e-butik\/?post_type=product&#038;p=22679"},"modified":"2025-10-28T04:03:21","modified_gmt":"2025-10-28T03:03:21","slug":"led-lampa-usb","status":"publish","type":"product","link":"https:\/\/www.atta45.se\/e-butik\/produkt\/led-lampa-usb\/","title":{"rendered":"LED-lampa USB"},"content":{"rendered":"<p>Liten och flexibel mini LED-lampa. Kompakt och l\u00e4ttviktig, enkel att ta med i v\u00e4skan. Kan anv\u00e4ndas inom- och utomhus. Enkel anslutning till datorns USB-port.<\/p>\n","protected":false},"excerpt":{"rendered":"<p>Liten och flexibel mini LED-lampa. Kompakt och l\u00e4ttviktig, enkel att ta med i v\u00e4skan. Kan anv\u00e4ndas inom- och utomhus. Enkel anslutning till datorns USB-port.<\/p>\n","protected":false},"featured_media":22680,"template":"","meta":{"_acf_changed":false,"_seopress_robots_primary_cat":"","_seopress_titles_title":"","_seopress_titles_desc":"","_seopress_robots_index":""},"product_brand":[],"product_cat":[15],"product_tag":[],"class_list":{"0":"post-22679","1":"product","2":"type-product","3":"status-publish","4":"has-post-thumbnail","6":"product_cat-okategoriserad","7":"atta45_taxonomy-elektronik-kontor-datortillbehor-sv","8":"atta45_taxonomy-reflexer-verktyg-sakerhet-led-artiklar-sv","9":"atta45_taxonomy-mobiltillbehor-mobiltillbehor-sv","11":"first","12":"instock","13":"taxable","14":"shipping-taxable","15":"purchasable","16":"product-type-variable"},"acf":[],"_links":{"self":[{"href":"https:\/\/www.atta45.se\/e-butik\/wp-json\/wp\/v2\/product\/22679","targetHints":{"allow":["GET"]}}],"collection":[{"href":"https:\/\/www.atta45.se\/e-butik\/wp-json\/wp\/v2\/product"}],"about":[{"href":"https:\/\/www.atta45.se\/e-butik\/wp-json\/wp\/v2\/types\/product"}],"wp:featuredmedia":[{"embeddable":true,"href":"https:\/\/www.atta45.se\/e-butik\/wp-json\/wp\/v2\/media\/22680"}],"wp:attachment":[{"href":"https:\/\/www.atta45.se\/e-butik\/wp-json\/wp\/v2\/media?parent=22679"}],"wp:term":[{"taxonomy":"product_brand","embeddable":true,"href":"https:\/\/www.atta45.se\/e-butik\/wp-json\/wp\/v2\/product_brand?post=22679"},{"taxonomy":"product_cat","embeddable":true,"href":"https:\/\/www.atta45.se\/e-butik\/wp-json\/wp\/v2\/product_cat?post=22679"},{"taxonomy":"product_tag","embeddable":true,"href":"https:\/\/www.atta45.se\/e-butik\/wp-json\/wp\/v2\/product_tag?post=22679"}],"curies":[{"name":"wp","href":"https:\/\/api.w.org\/{rel}","templated":true}]}}