{"id":22663,"date":"2024-12-26T15:56:58","date_gmt":"2024-12-26T14:56:58","guid":{"rendered":"https:\/\/www.atta45.se\/e-butik\/?post_type=product&#038;p=22663"},"modified":"2025-10-28T04:00:34","modified_gmt":"2025-10-28T03:00:34","slug":"deluxe-horlurar","status":"publish","type":"product","link":"https:\/\/www.atta45.se\/e-butik\/produkt\/deluxe-horlurar\/","title":{"rendered":"H\u00f6rlurar Deluxe"},"content":{"rendered":"<p>Snygga h\u00f6rlurar med mikrofon. Set med deluxe \u00f6ronsn\u00e4ckor som \u00e4ven inneh\u00e5ller en inbyggd mikrofonf\u00f6r handsfree . Enkelt att besvara eller avsluta  samtal med en knapp p\u00e5 mikrofonen. Tre utbytbara mjuka gummi\u00f6ronsn\u00e4ckor medf\u00f6ljer. Plastl\u00e5da med kabelf\u00f6rvaring . Standard 3,5 mm-kontakt, 96 cm kabel. ABS och PVC. <\/p>\n","protected":false},"excerpt":{"rendered":"<p>Snygga h\u00f6rlurar med mikrofon. Set med deluxe \u00f6ronsn\u00e4ckor som \u00e4ven inneh\u00e5ller en inbyggd mikrofonf\u00f6r handsfree . Enkelt att besvara eller avsluta samtal med en knapp p\u00e5 mikrofonen. Tre utbytbara mjuka gummi\u00f6ronsn\u00e4ckor medf\u00f6ljer. Plastl\u00e5da med kabelf\u00f6rvaring . Standard 3,5 mm-kontakt, 96 cm kabel. ABS och PVC.<\/p>\n","protected":false},"featured_media":22664,"template":"","meta":{"_acf_changed":false,"_seopress_robots_primary_cat":"","_seopress_titles_title":"","_seopress_titles_desc":"","_seopress_robots_index":""},"product_brand":[],"product_cat":[15],"product_tag":[],"class_list":{"0":"post-22663","1":"product","2":"type-product","3":"status-publish","4":"has-post-thumbnail","6":"product_cat-okategoriserad","7":"atta45_taxonomy-elektronik-kontor-datortillbehor-sv","8":"atta45_taxonomy-mobiltillbehor-mobiltillbehor-sv","9":"atta45_taxonomy-elektronik-kontor-powerbank-speakers-sv","10":"atta45_taxonomy-trading-elektronik-mobiltillbehor-powerbank-speakers-sv","12":"first","13":"instock","14":"taxable","15":"shipping-taxable","16":"purchasable","17":"product-type-variable"},"acf":[],"_links":{"self":[{"href":"https:\/\/www.atta45.se\/e-butik\/wp-json\/wp\/v2\/product\/22663","targetHints":{"allow":["GET"]}}],"collection":[{"href":"https:\/\/www.atta45.se\/e-butik\/wp-json\/wp\/v2\/product"}],"about":[{"href":"https:\/\/www.atta45.se\/e-butik\/wp-json\/wp\/v2\/types\/product"}],"wp:featuredmedia":[{"embeddable":true,"href":"https:\/\/www.atta45.se\/e-butik\/wp-json\/wp\/v2\/media\/22664"}],"wp:attachment":[{"href":"https:\/\/www.atta45.se\/e-butik\/wp-json\/wp\/v2\/media?parent=22663"}],"wp:term":[{"taxonomy":"product_brand","embeddable":true,"href":"https:\/\/www.atta45.se\/e-butik\/wp-json\/wp\/v2\/product_brand?post=22663"},{"taxonomy":"product_cat","embeddable":true,"href":"https:\/\/www.atta45.se\/e-butik\/wp-json\/wp\/v2\/product_cat?post=22663"},{"taxonomy":"product_tag","embeddable":true,"href":"https:\/\/www.atta45.se\/e-butik\/wp-json\/wp\/v2\/product_tag?post=22663"}],"curies":[{"name":"wp","href":"https:\/\/api.w.org\/{rel}","templated":true}]}}