{"id":22657,"date":"2024-12-26T15:56:53","date_gmt":"2024-12-26T14:56:53","guid":{"rendered":"https:\/\/www.atta45.se\/e-butik\/?post_type=product&#038;p=22657"},"modified":"2025-10-28T04:00:22","modified_gmt":"2025-10-28T03:00:22","slug":"sporthorlurar","status":"publish","type":"product","link":"https:\/\/www.atta45.se\/e-butik\/produkt\/sporthorlurar\/","title":{"rendered":"Sporth\u00f6rlurar"},"content":{"rendered":"<p>Sporth\u00f6rlurar. L\u00e4ttviktslurar i gummi \u00e4r perfekta f\u00f6r telefonen, l\u00e4splattan eller annan ljudenhet. Handsfree. Erbjuder bra ljud med fin komfort. Levereras i presentask av metall.<\/p>\n","protected":false},"excerpt":{"rendered":"<p>Sporth\u00f6rlurar. L\u00e4ttviktslurar i gummi \u00e4r perfekta f\u00f6r telefonen, l\u00e4splattan eller annan ljudenhet. Handsfree. Erbjuder bra ljud med fin komfort. Levereras i presentask av metall.<\/p>\n","protected":false},"featured_media":22658,"template":"","meta":{"_acf_changed":false,"_seopress_robots_primary_cat":"","_seopress_titles_title":"","_seopress_titles_desc":"","_seopress_robots_index":""},"product_brand":[],"product_cat":[15],"product_tag":[],"class_list":{"0":"post-22657","1":"product","2":"type-product","3":"status-publish","4":"has-post-thumbnail","6":"product_cat-okategoriserad","7":"atta45_taxonomy-elektronik-kontor-datortillbehor-sv","8":"atta45_taxonomy-mobiltillbehor-mobiltillbehor-sv","9":"atta45_taxonomy-elektronik-kontor-powerbank-speakers-sv","10":"atta45_taxonomy-trading-elektronik-mobiltillbehor-powerbank-speakers-sv","12":"first","13":"instock","14":"taxable","15":"shipping-taxable","16":"purchasable","17":"product-type-variable"},"acf":[],"_links":{"self":[{"href":"https:\/\/www.atta45.se\/e-butik\/wp-json\/wp\/v2\/product\/22657","targetHints":{"allow":["GET"]}}],"collection":[{"href":"https:\/\/www.atta45.se\/e-butik\/wp-json\/wp\/v2\/product"}],"about":[{"href":"https:\/\/www.atta45.se\/e-butik\/wp-json\/wp\/v2\/types\/product"}],"wp:featuredmedia":[{"embeddable":true,"href":"https:\/\/www.atta45.se\/e-butik\/wp-json\/wp\/v2\/media\/22658"}],"wp:attachment":[{"href":"https:\/\/www.atta45.se\/e-butik\/wp-json\/wp\/v2\/media?parent=22657"}],"wp:term":[{"taxonomy":"product_brand","embeddable":true,"href":"https:\/\/www.atta45.se\/e-butik\/wp-json\/wp\/v2\/product_brand?post=22657"},{"taxonomy":"product_cat","embeddable":true,"href":"https:\/\/www.atta45.se\/e-butik\/wp-json\/wp\/v2\/product_cat?post=22657"},{"taxonomy":"product_tag","embeddable":true,"href":"https:\/\/www.atta45.se\/e-butik\/wp-json\/wp\/v2\/product_tag?post=22657"}],"curies":[{"name":"wp","href":"https:\/\/api.w.org\/{rel}","templated":true}]}}