{"id":22645,"date":"2024-12-26T15:46:19","date_gmt":"2024-12-26T14:46:19","guid":{"rendered":"https:\/\/www.atta45.se\/e-butik\/?post_type=product&#038;p=22645"},"modified":"2025-10-28T03:20:34","modified_gmt":"2025-10-28T02:20:34","slug":"vaskhangare-l-form-metall-utan-farg","status":"publish","type":"product","link":"https:\/\/www.atta45.se\/e-butik\/produkt\/vaskhangare-l-form-metall-utan-farg\/","title":{"rendered":"H\u00e4ngare, V\u00e4skh\u00e4ngare L-form (metall utan f\u00e4rg)"},"content":{"rendered":"<p>Praktisk h\u00e4ngare f\u00f6r handv\u00e4skan eller kassen. Att placera p\u00e5 bordsskivan. Anti-glid-material p\u00e5 baksidan. Metallm\u00e4rke i relief utan f\u00e4rgfyllning Med eller utan epoxy\u00f6verdrag.<\/p>\n","protected":false},"excerpt":{"rendered":"<p>Praktisk h\u00e4ngare f\u00f6r handv\u00e4skan eller kassen. Att placera p\u00e5 bordsskivan. Anti-glid-material p\u00e5 baksidan. Metallm\u00e4rke i relief utan f\u00e4rgfyllning Med eller utan epoxy\u00f6verdrag.<\/p>\n","protected":false},"featured_media":22646,"template":"","meta":{"_acf_changed":false,"_seopress_robots_primary_cat":"","_seopress_titles_title":"","_seopress_titles_desc":"","_seopress_robots_index":""},"product_brand":[],"product_cat":[15],"product_tag":[],"class_list":{"0":"post-22645","1":"product","2":"type-product","3":"status-publish","4":"has-post-thumbnail","6":"product_cat-okategoriserad","7":"atta45_taxonomy-accessoarer-vaskhangare-sv","8":"atta45_taxonomy-tema-inspiration-varumarken-ycp-sv","10":"first","11":"instock","12":"taxable","13":"shipping-taxable","14":"purchasable","15":"product-type-variable"},"acf":[],"_links":{"self":[{"href":"https:\/\/www.atta45.se\/e-butik\/wp-json\/wp\/v2\/product\/22645","targetHints":{"allow":["GET"]}}],"collection":[{"href":"https:\/\/www.atta45.se\/e-butik\/wp-json\/wp\/v2\/product"}],"about":[{"href":"https:\/\/www.atta45.se\/e-butik\/wp-json\/wp\/v2\/types\/product"}],"wp:featuredmedia":[{"embeddable":true,"href":"https:\/\/www.atta45.se\/e-butik\/wp-json\/wp\/v2\/media\/22646"}],"wp:attachment":[{"href":"https:\/\/www.atta45.se\/e-butik\/wp-json\/wp\/v2\/media?parent=22645"}],"wp:term":[{"taxonomy":"product_brand","embeddable":true,"href":"https:\/\/www.atta45.se\/e-butik\/wp-json\/wp\/v2\/product_brand?post=22645"},{"taxonomy":"product_cat","embeddable":true,"href":"https:\/\/www.atta45.se\/e-butik\/wp-json\/wp\/v2\/product_cat?post=22645"},{"taxonomy":"product_tag","embeddable":true,"href":"https:\/\/www.atta45.se\/e-butik\/wp-json\/wp\/v2\/product_tag?post=22645"}],"curies":[{"name":"wp","href":"https:\/\/api.w.org\/{rel}","templated":true}]}}