{"id":22561,"date":"2024-12-26T15:45:32","date_gmt":"2024-12-26T14:45:32","guid":{"rendered":"https:\/\/www.atta45.se\/e-butik\/?post_type=product&#038;p=22561"},"modified":"2025-10-28T03:17:02","modified_gmt":"2025-10-28T02:17:02","slug":"vaskhangare-vikbar-offset-tryck","status":"publish","type":"product","link":"https:\/\/www.atta45.se\/e-butik\/produkt\/vaskhangare-vikbar-offset-tryck\/","title":{"rendered":"H\u00e4ngare, v\u00e4skh\u00e4ngare vikbar (offset tryck)"},"content":{"rendered":"<p>Praktisk h\u00e4ngare f\u00f6r handv\u00e4ska eller kassen att placera p\u00e5 bordsskivan. Anti-glid-material p\u00e5 undersidan. Upp till fyra f\u00e4rgers design p\u00e5 metallm\u00e4rket. Silver eller guld. Med eller utan epoxy\u00f6verdrag.<\/p>\n","protected":false},"excerpt":{"rendered":"<p>Praktisk h\u00e4ngare f\u00f6r handv\u00e4ska eller kassen att placera p\u00e5 bordsskivan. Anti-glid-material p\u00e5 undersidan. Upp till fyra f\u00e4rgers design p\u00e5 metallm\u00e4rket. Silver eller guld. Med eller utan epoxy\u00f6verdrag.<\/p>\n","protected":false},"featured_media":22562,"template":"","meta":{"_acf_changed":false,"_seopress_robots_primary_cat":"","_seopress_titles_title":"","_seopress_titles_desc":"","_seopress_robots_index":""},"product_brand":[],"product_cat":[15],"product_tag":[],"class_list":{"0":"post-22561","1":"product","2":"type-product","3":"status-publish","4":"has-post-thumbnail","6":"product_cat-okategoriserad","7":"atta45_taxonomy-accessoarer-vaskhangare-sv","8":"atta45_taxonomy-tema-inspiration-varumarken-ycp-sv","10":"first","11":"instock","12":"taxable","13":"shipping-taxable","14":"purchasable","15":"product-type-variable"},"acf":[],"_links":{"self":[{"href":"https:\/\/www.atta45.se\/e-butik\/wp-json\/wp\/v2\/product\/22561","targetHints":{"allow":["GET"]}}],"collection":[{"href":"https:\/\/www.atta45.se\/e-butik\/wp-json\/wp\/v2\/product"}],"about":[{"href":"https:\/\/www.atta45.se\/e-butik\/wp-json\/wp\/v2\/types\/product"}],"wp:featuredmedia":[{"embeddable":true,"href":"https:\/\/www.atta45.se\/e-butik\/wp-json\/wp\/v2\/media\/22562"}],"wp:attachment":[{"href":"https:\/\/www.atta45.se\/e-butik\/wp-json\/wp\/v2\/media?parent=22561"}],"wp:term":[{"taxonomy":"product_brand","embeddable":true,"href":"https:\/\/www.atta45.se\/e-butik\/wp-json\/wp\/v2\/product_brand?post=22561"},{"taxonomy":"product_cat","embeddable":true,"href":"https:\/\/www.atta45.se\/e-butik\/wp-json\/wp\/v2\/product_cat?post=22561"},{"taxonomy":"product_tag","embeddable":true,"href":"https:\/\/www.atta45.se\/e-butik\/wp-json\/wp\/v2\/product_tag?post=22561"}],"curies":[{"name":"wp","href":"https:\/\/api.w.org\/{rel}","templated":true}]}}