{"id":22533,"date":"2024-12-26T15:45:19","date_gmt":"2024-12-26T14:45:19","guid":{"rendered":"https:\/\/www.atta45.se\/e-butik\/?post_type=product&#038;p=22533"},"modified":"2025-10-27T14:01:11","modified_gmt":"2025-10-27T13:01:11","slug":"fickplunta-i-stal-240-ml","status":"publish","type":"product","link":"https:\/\/www.atta45.se\/e-butik\/produkt\/fickplunta-i-stal-240-ml\/","title":{"rendered":"Fickplunta i rostfritt st\u00e5l Benedict"},"content":{"rendered":"<p>L\u00e4tt v\u00e4lvd fickplunta i st\u00e5l (240 ml) med skruvkork.<\/p>\n","protected":false},"excerpt":{"rendered":"<p>L\u00e4tt v\u00e4lvd fickplunta i st\u00e5l (240 ml) med skruvkork.<\/p>\n","protected":false},"featured_media":22534,"template":"","meta":{"_acf_changed":false,"_seopress_robots_primary_cat":"","_seopress_titles_title":"","_seopress_titles_desc":"","_seopress_robots_index":""},"product_brand":[],"product_cat":[15],"product_tag":[],"class_list":{"0":"post-22533","1":"product","2":"type-product","3":"status-publish","4":"has-post-thumbnail","6":"product_cat-okategoriserad","7":"atta45_taxonomy-flaskor-sv","8":"atta45_taxonomy-tema-inspiration-speciella-trycktekniker-mega-laser-sv","9":"atta45_taxonomy-hem-hushall-ostbrickor-sv","10":"atta45_taxonomy-accessoarer-plunta-sv","11":"atta45_taxonomy-tema-inspiration-speciella-trycktekniker-sv","12":"atta45_taxonomy-tema-inspiration-sv","13":"atta45_taxonomy-fritid-vattenflaskor-sv","14":"atta45_taxonomy-tema-inspiration-ogonblick-vinterlandskap-sv","15":"atta45_taxonomy-hem-hushall-vintillbehor-sv","17":"first","18":"instock","19":"taxable","20":"shipping-taxable","21":"purchasable","22":"product-type-variable"},"acf":[],"_links":{"self":[{"href":"https:\/\/www.atta45.se\/e-butik\/wp-json\/wp\/v2\/product\/22533","targetHints":{"allow":["GET"]}}],"collection":[{"href":"https:\/\/www.atta45.se\/e-butik\/wp-json\/wp\/v2\/product"}],"about":[{"href":"https:\/\/www.atta45.se\/e-butik\/wp-json\/wp\/v2\/types\/product"}],"wp:featuredmedia":[{"embeddable":true,"href":"https:\/\/www.atta45.se\/e-butik\/wp-json\/wp\/v2\/media\/22534"}],"wp:attachment":[{"href":"https:\/\/www.atta45.se\/e-butik\/wp-json\/wp\/v2\/media?parent=22533"}],"wp:term":[{"taxonomy":"product_brand","embeddable":true,"href":"https:\/\/www.atta45.se\/e-butik\/wp-json\/wp\/v2\/product_brand?post=22533"},{"taxonomy":"product_cat","embeddable":true,"href":"https:\/\/www.atta45.se\/e-butik\/wp-json\/wp\/v2\/product_cat?post=22533"},{"taxonomy":"product_tag","embeddable":true,"href":"https:\/\/www.atta45.se\/e-butik\/wp-json\/wp\/v2\/product_tag?post=22533"}],"curies":[{"name":"wp","href":"https:\/\/api.w.org\/{rel}","templated":true}]}}