{"id":22483,"date":"2024-12-26T15:44:58","date_gmt":"2024-12-26T14:44:58","guid":{"rendered":"https:\/\/www.atta45.se\/e-butik\/?post_type=product&#038;p=22483"},"modified":"2025-10-27T19:10:07","modified_gmt":"2025-10-27T18:10:07","slug":"schwarzwolf-tahat-plunta-set","status":"publish","type":"product","link":"https:\/\/www.atta45.se\/e-butik\/produkt\/schwarzwolf-tahat-plunta-set\/","title":{"rendered":"Plunta set Schwarzwolf TAHAT"},"content":{"rendered":"<p>Schwarzwolf h\u00f6ftkolvset.<\/p>\n<p>Kolven \u00e4r gjord av rostfritt st\u00e5l med en sl\u00e4t svart bel\u00e4ggning.<\/p>\n<p>Setet inneh\u00e5ller 4 koppar (30 ml) som<br \/>kommer i svart p\u00e5se och en tratt. Schwarzwolfs logotyp \u00e4r placerad p\u00e5 botten av kolven.<\/p>\n<p>F\u00f6rpackad i presentf\u00f6rpackning.<br \/>Material: rostfritt st\u00e5l<br \/>Volym: 266 ml<\/p>\n<p>Rekommenderad utskriftsteknik: laser L1<\/p>\n<p>Maximal utskriftsstorlek: 50 \u00d7 15 mm<\/p>\n<p>M\u00e5tt: kolv 14,5 \u00d7 8 \u00d7 2,5 cm, koppar i p\u00e5se 6,5 \u00d7 4 cm<\/p>\n<p>Koldioxidavtryck: gCO2e 2760<\/p>\n","protected":false},"excerpt":{"rendered":"<p>Schwarzwolf h\u00f6ftkolvset. Kolven \u00e4r gjord av rostfritt st\u00e5l med en sl\u00e4t svart bel\u00e4ggning. Setet inneh\u00e5ller 4 koppar (30 ml) somkommer i svart p\u00e5se och en tratt. Schwarzwolfs logotyp \u00e4r placerad p\u00e5 botten av kolven. F\u00f6rpackad i presentf\u00f6rpackning.Material: rostfritt st\u00e5lVolym: 266 ml Rekommenderad utskriftsteknik: laser L1 Maximal utskriftsstorlek: 50 \u00d7 15 mm M\u00e5tt: kolv 14,5 \u00d7 [&hellip;]<\/p>\n","protected":false},"featured_media":22484,"template":"","meta":{"_acf_changed":false,"_seopress_robots_primary_cat":"","_seopress_titles_title":"","_seopress_titles_desc":"","_seopress_robots_index":""},"product_brand":[],"product_cat":[15],"product_tag":[],"class_list":{"0":"post-22483","1":"product","2":"type-product","3":"status-publish","4":"has-post-thumbnail","6":"product_cat-okategoriserad","7":"atta45_taxonomy-accessoarer-plunta-sv","8":"atta45_taxonomy-tema-inspiration-varumarken-schwarzwolf-sv","10":"first","11":"instock","12":"taxable","13":"shipping-taxable","14":"purchasable","15":"product-type-variable"},"acf":[],"_links":{"self":[{"href":"https:\/\/www.atta45.se\/e-butik\/wp-json\/wp\/v2\/product\/22483","targetHints":{"allow":["GET"]}}],"collection":[{"href":"https:\/\/www.atta45.se\/e-butik\/wp-json\/wp\/v2\/product"}],"about":[{"href":"https:\/\/www.atta45.se\/e-butik\/wp-json\/wp\/v2\/types\/product"}],"wp:featuredmedia":[{"embeddable":true,"href":"https:\/\/www.atta45.se\/e-butik\/wp-json\/wp\/v2\/media\/22484"}],"wp:attachment":[{"href":"https:\/\/www.atta45.se\/e-butik\/wp-json\/wp\/v2\/media?parent=22483"}],"wp:term":[{"taxonomy":"product_brand","embeddable":true,"href":"https:\/\/www.atta45.se\/e-butik\/wp-json\/wp\/v2\/product_brand?post=22483"},{"taxonomy":"product_cat","embeddable":true,"href":"https:\/\/www.atta45.se\/e-butik\/wp-json\/wp\/v2\/product_cat?post=22483"},{"taxonomy":"product_tag","embeddable":true,"href":"https:\/\/www.atta45.se\/e-butik\/wp-json\/wp\/v2\/product_tag?post=22483"}],"curies":[{"name":"wp","href":"https:\/\/api.w.org\/{rel}","templated":true}]}}