{"id":22469,"date":"2024-12-26T15:44:51","date_gmt":"2024-12-26T14:44:51","guid":{"rendered":"https:\/\/www.atta45.se\/e-butik\/?post_type=product&#038;p=22469"},"modified":"2025-10-27T19:09:52","modified_gmt":"2025-10-27T18:09:52","slug":"schwarzwolf-halti-plunta","status":"publish","type":"product","link":"https:\/\/www.atta45.se\/e-butik\/produkt\/schwarzwolf-halti-plunta\/","title":{"rendered":"Plunta Schwarzwolf Halti"},"content":{"rendered":"<p>Schwarzwolf 266 ml plunta.<br \/>Pluntan \u00e4r gjord av rostfritt st\u00e5l med en sl\u00e4t svart bel\u00e4ggning. Schwarzwolf<br \/>logotypen \u00e4r placerad p\u00e5 botten av kolven.<\/p>\n<p>Den \u00e4r f\u00f6rpackad i en presentf\u00f6rpackning.<br \/>Material: rostfritt st\u00e5l<br \/>Volym: 266 ml<br \/>Rekommenderad utskriftsteknik: laser L1<br \/>Maximal utskriftsstorlek: 50 \u00d7 15 mm<br \/>M\u00e5tt: 14,5 \u00d7 8 \u00d7 2,5 cm<br \/>Koldioxidavtryck: gCO2e 1770<\/p>\n","protected":false},"excerpt":{"rendered":"<p>Schwarzwolf 266 ml plunta.Pluntan \u00e4r gjord av rostfritt st\u00e5l med en sl\u00e4t svart bel\u00e4ggning. Schwarzwolflogotypen \u00e4r placerad p\u00e5 botten av kolven. Den \u00e4r f\u00f6rpackad i en presentf\u00f6rpackning.Material: rostfritt st\u00e5lVolym: 266 mlRekommenderad utskriftsteknik: laser L1Maximal utskriftsstorlek: 50 \u00d7 15 mmM\u00e5tt: 14,5 \u00d7 8 \u00d7 2,5 cmKoldioxidavtryck: gCO2e 1770<\/p>\n","protected":false},"featured_media":22470,"template":"","meta":{"_acf_changed":false,"_seopress_robots_primary_cat":"","_seopress_titles_title":"","_seopress_titles_desc":"","_seopress_robots_index":""},"product_brand":[],"product_cat":[15],"product_tag":[],"class_list":{"0":"post-22469","1":"product","2":"type-product","3":"status-publish","4":"has-post-thumbnail","6":"product_cat-okategoriserad","7":"atta45_taxonomy-accessoarer-plunta-sv","8":"atta45_taxonomy-tema-inspiration-varumarken-schwarzwolf-sv","10":"first","11":"instock","12":"taxable","13":"shipping-taxable","14":"purchasable","15":"product-type-variable"},"acf":[],"_links":{"self":[{"href":"https:\/\/www.atta45.se\/e-butik\/wp-json\/wp\/v2\/product\/22469","targetHints":{"allow":["GET"]}}],"collection":[{"href":"https:\/\/www.atta45.se\/e-butik\/wp-json\/wp\/v2\/product"}],"about":[{"href":"https:\/\/www.atta45.se\/e-butik\/wp-json\/wp\/v2\/types\/product"}],"wp:featuredmedia":[{"embeddable":true,"href":"https:\/\/www.atta45.se\/e-butik\/wp-json\/wp\/v2\/media\/22470"}],"wp:attachment":[{"href":"https:\/\/www.atta45.se\/e-butik\/wp-json\/wp\/v2\/media?parent=22469"}],"wp:term":[{"taxonomy":"product_brand","embeddable":true,"href":"https:\/\/www.atta45.se\/e-butik\/wp-json\/wp\/v2\/product_brand?post=22469"},{"taxonomy":"product_cat","embeddable":true,"href":"https:\/\/www.atta45.se\/e-butik\/wp-json\/wp\/v2\/product_cat?post=22469"},{"taxonomy":"product_tag","embeddable":true,"href":"https:\/\/www.atta45.se\/e-butik\/wp-json\/wp\/v2\/product_tag?post=22469"}],"curies":[{"name":"wp","href":"https:\/\/api.w.org\/{rel}","templated":true}]}}