{"id":22457,"date":"2024-12-26T15:44:44","date_gmt":"2024-12-26T14:44:44","guid":{"rendered":"https:\/\/www.atta45.se\/e-butik\/?post_type=product&#038;p=22457"},"modified":"2025-10-27T19:09:38","modified_gmt":"2025-10-27T18:09:38","slug":"schwarzwolf-madonie-plunt-set","status":"publish","type":"product","link":"https:\/\/www.atta45.se\/e-butik\/produkt\/schwarzwolf-madonie-plunt-set\/","title":{"rendered":"Plunt-set Schwarzwolf Madonie,"},"content":{"rendered":"<p>Schwarzwolf plunt-set.<\/p>\n<p>Inkluderar: svart plunta av rostfritt st\u00e5l, 4 koppar i svart, p\u00e5se, tratt.<\/p>\n<p>F\u00f6rpackad i en Schwarzwolf Outdoor presentf\u00f6rpackning.<\/p>\n<p>Material: rostfritt st\u00e5l<br \/>Volym: 0,237 l<\/p>\n<p>Rekommenderad tryckteknik: lasergravering L1<\/p>\n<p>Maximal tryckstorlek: 50 \u00d7 50 mm<\/p>\n<p>M\u00e5tt: kolv 14,6 \u00d7 9,5 \u00d7 2,5 cm<br \/>Box: 18 \u00d7 16,5 \u00d7 5 cm.<\/p>\n<p>Koldioxidavtryck: gCO2 e2538<\/p>\n","protected":false},"excerpt":{"rendered":"<p>Schwarzwolf plunt-set. Inkluderar: svart plunta av rostfritt st\u00e5l, 4 koppar i svart, p\u00e5se, tratt. F\u00f6rpackad i en Schwarzwolf Outdoor presentf\u00f6rpackning. Material: rostfritt st\u00e5lVolym: 0,237 l Rekommenderad tryckteknik: lasergravering L1 Maximal tryckstorlek: 50 \u00d7 50 mm M\u00e5tt: kolv 14,6 \u00d7 9,5 \u00d7 2,5 cmBox: 18 \u00d7 16,5 \u00d7 5 cm. Koldioxidavtryck: gCO2 e2538<\/p>\n","protected":false},"featured_media":22458,"template":"","meta":{"_acf_changed":false,"_seopress_robots_primary_cat":"","_seopress_titles_title":"","_seopress_titles_desc":"","_seopress_robots_index":""},"product_brand":[],"product_cat":[15],"product_tag":[],"class_list":{"0":"post-22457","1":"product","2":"type-product","3":"status-publish","4":"has-post-thumbnail","6":"product_cat-okategoriserad","7":"atta45_taxonomy-accessoarer-plunta-sv","8":"atta45_taxonomy-tema-inspiration-varumarken-schwarzwolf-sv","10":"first","11":"instock","12":"taxable","13":"shipping-taxable","14":"purchasable","15":"product-type-variable"},"acf":[],"_links":{"self":[{"href":"https:\/\/www.atta45.se\/e-butik\/wp-json\/wp\/v2\/product\/22457","targetHints":{"allow":["GET"]}}],"collection":[{"href":"https:\/\/www.atta45.se\/e-butik\/wp-json\/wp\/v2\/product"}],"about":[{"href":"https:\/\/www.atta45.se\/e-butik\/wp-json\/wp\/v2\/types\/product"}],"wp:featuredmedia":[{"embeddable":true,"href":"https:\/\/www.atta45.se\/e-butik\/wp-json\/wp\/v2\/media\/22458"}],"wp:attachment":[{"href":"https:\/\/www.atta45.se\/e-butik\/wp-json\/wp\/v2\/media?parent=22457"}],"wp:term":[{"taxonomy":"product_brand","embeddable":true,"href":"https:\/\/www.atta45.se\/e-butik\/wp-json\/wp\/v2\/product_brand?post=22457"},{"taxonomy":"product_cat","embeddable":true,"href":"https:\/\/www.atta45.se\/e-butik\/wp-json\/wp\/v2\/product_cat?post=22457"},{"taxonomy":"product_tag","embeddable":true,"href":"https:\/\/www.atta45.se\/e-butik\/wp-json\/wp\/v2\/product_tag?post=22457"}],"curies":[{"name":"wp","href":"https:\/\/api.w.org\/{rel}","templated":true}]}}