{"id":22371,"date":"2024-12-26T15:43:55","date_gmt":"2024-12-26T14:43:55","guid":{"rendered":"https:\/\/www.atta45.se\/e-butik\/?post_type=product&#038;p=22371"},"modified":"2025-10-28T03:13:21","modified_gmt":"2025-10-28T02:13:21","slug":"pins-i-hardemalj","status":"publish","type":"product","link":"https:\/\/www.atta45.se\/e-butik\/produkt\/pins-i-hardemalj\/","title":{"rendered":"Pins i h\u00e5rdemalj"},"content":{"rendered":"<p>Exklusivt metallm\u00e4rke med s\u00e4rskilda f\u00e4rger f\u00f6r h\u00e5rdemalj, ger en speciell glans och yta.<\/p>\n<p>V\u00e4lj pl\u00e4tering i guld, silver eller svart pl\u00e4tering. <\/p>\n<p>Metallkant mellan f\u00e4rgerna och i ytterkant. Aldrig med epoxyfyllning.<\/p>\n<p>Rekommenderas f\u00f6r m\u00e4rke i figur.<\/p>\n<p>Pristill\u00e4gg:<br \/>Vi har standaliserat denna produkt f\u00f6r att du enkelt ska finna \u00f6nskade priser. Detta g\u00f6r att en del special-m\u00e4rken och \u00f6nskem\u00e5l kr\u00e4ver offert.<\/p>\n<p>Kan exempelvis vara:<br \/>&#8211; 3D m\u00e4rken (mer \u00e4n \u00bd relief \/ 2D)<br \/>&#8211; N\u00e4r det \u00e4r utskurna h\u00e5l i m\u00e4rket<br \/>&#8211; Sandbl\u00e4string \/ Texturering i m\u00e4rkets botten<br \/>&#8211; Pl\u00e4teringar s\u00e5som antikbehandling eller \u00e4kta guld\/silver<br \/>&#8211; Fler logof\u00e4rger \u00e4n vad systemet visar<\/p>\n<p>V\u00e5ra duktiga s\u00e4ljare finns alltid p\u00e5 plats f\u00f6r att r\u00e5da och utbilda.<\/p>\n","protected":false},"excerpt":{"rendered":"<p>Exklusivt metallm\u00e4rke med s\u00e4rskilda f\u00e4rger f\u00f6r h\u00e5rdemalj, ger en speciell glans och yta. V\u00e4lj pl\u00e4tering i guld, silver eller svart pl\u00e4tering. Metallkant mellan f\u00e4rgerna och i ytterkant. Aldrig med epoxyfyllning. Rekommenderas f\u00f6r m\u00e4rke i figur. Pristill\u00e4gg:Vi har standaliserat denna produkt f\u00f6r att du enkelt ska finna \u00f6nskade priser. Detta g\u00f6r att en del special-m\u00e4rken och [&hellip;]<\/p>\n","protected":false},"featured_media":22372,"template":"","meta":{"_acf_changed":false,"_seopress_robots_primary_cat":"","_seopress_titles_title":"","_seopress_titles_desc":"","_seopress_robots_index":""},"product_brand":[],"product_cat":[15],"product_tag":[],"class_list":{"0":"post-22371","1":"product","2":"type-product","3":"status-publish","4":"has-post-thumbnail","6":"product_cat-okategoriserad","7":"atta45_taxonomy-pins-metallmarken-sv","8":"atta45_taxonomy-accessoarer-pins-metallmarken-sv","9":"atta45_taxonomy-tema-inspiration-varumarken-ycp-sv","11":"first","12":"instock","13":"taxable","14":"shipping-taxable","15":"purchasable","16":"product-type-variable"},"acf":[],"_links":{"self":[{"href":"https:\/\/www.atta45.se\/e-butik\/wp-json\/wp\/v2\/product\/22371","targetHints":{"allow":["GET"]}}],"collection":[{"href":"https:\/\/www.atta45.se\/e-butik\/wp-json\/wp\/v2\/product"}],"about":[{"href":"https:\/\/www.atta45.se\/e-butik\/wp-json\/wp\/v2\/types\/product"}],"wp:featuredmedia":[{"embeddable":true,"href":"https:\/\/www.atta45.se\/e-butik\/wp-json\/wp\/v2\/media\/22372"}],"wp:attachment":[{"href":"https:\/\/www.atta45.se\/e-butik\/wp-json\/wp\/v2\/media?parent=22371"}],"wp:term":[{"taxonomy":"product_brand","embeddable":true,"href":"https:\/\/www.atta45.se\/e-butik\/wp-json\/wp\/v2\/product_brand?post=22371"},{"taxonomy":"product_cat","embeddable":true,"href":"https:\/\/www.atta45.se\/e-butik\/wp-json\/wp\/v2\/product_cat?post=22371"},{"taxonomy":"product_tag","embeddable":true,"href":"https:\/\/www.atta45.se\/e-butik\/wp-json\/wp\/v2\/product_tag?post=22371"}],"curies":[{"name":"wp","href":"https:\/\/api.w.org\/{rel}","templated":true}]}}