{"id":22289,"date":"2024-12-26T15:43:11","date_gmt":"2024-12-26T14:43:11","guid":{"rendered":"https:\/\/www.atta45.se\/e-butik\/?post_type=product&#038;p=22289"},"modified":"2025-10-28T03:11:35","modified_gmt":"2025-10-28T02:11:35","slug":"offsettryckta-pins","status":"publish","type":"product","link":"https:\/\/www.atta45.se\/e-butik\/produkt\/offsettryckta-pins\/","title":{"rendered":"Pins offsettryckta"},"content":{"rendered":"<p>Offset-tryckt (CMYK) design och stiftl\u00e5s ing\u00e5r. V\u00e4lj bas i guld eller silver. Kr\u00e4ver inte pl\u00e4terad kant mellan f\u00e4rgerna. Tonade f\u00e4rger g\u00e5r bra. Alltid schablon f\u00f6r fem f\u00e4rger oavsett design. Alltid med epoxy\u00f6verdrag. V\u00e4lj med eller utan pl\u00e4terad ytterkant. Rekommenderas f\u00f6r motiv med sm\u00e5 detaljer.<\/p>\n","protected":false},"excerpt":{"rendered":"<p>Offset-tryckt (CMYK) design och stiftl\u00e5s ing\u00e5r. V\u00e4lj bas i guld eller silver. Kr\u00e4ver inte pl\u00e4terad kant mellan f\u00e4rgerna. Tonade f\u00e4rger g\u00e5r bra. Alltid schablon f\u00f6r fem f\u00e4rger oavsett design. Alltid med epoxy\u00f6verdrag. V\u00e4lj med eller utan pl\u00e4terad ytterkant. Rekommenderas f\u00f6r motiv med sm\u00e5 detaljer.<\/p>\n","protected":false},"featured_media":22290,"template":"","meta":{"_acf_changed":false,"_seopress_robots_primary_cat":"","_seopress_titles_title":"","_seopress_titles_desc":"","_seopress_robots_index":""},"product_brand":[],"product_cat":[15],"product_tag":[],"class_list":{"0":"post-22289","1":"product","2":"type-product","3":"status-publish","4":"has-post-thumbnail","6":"product_cat-okategoriserad","7":"atta45_taxonomy-accessoarer-pins-metallmarken-sv","8":"atta45_taxonomy-pins-metallmarken-sv","9":"atta45_taxonomy-tema-inspiration-varumarken-ycp-sv","11":"first","12":"instock","13":"taxable","14":"shipping-taxable","15":"purchasable","16":"product-type-variable"},"acf":[],"_links":{"self":[{"href":"https:\/\/www.atta45.se\/e-butik\/wp-json\/wp\/v2\/product\/22289","targetHints":{"allow":["GET"]}}],"collection":[{"href":"https:\/\/www.atta45.se\/e-butik\/wp-json\/wp\/v2\/product"}],"about":[{"href":"https:\/\/www.atta45.se\/e-butik\/wp-json\/wp\/v2\/types\/product"}],"wp:featuredmedia":[{"embeddable":true,"href":"https:\/\/www.atta45.se\/e-butik\/wp-json\/wp\/v2\/media\/22290"}],"wp:attachment":[{"href":"https:\/\/www.atta45.se\/e-butik\/wp-json\/wp\/v2\/media?parent=22289"}],"wp:term":[{"taxonomy":"product_brand","embeddable":true,"href":"https:\/\/www.atta45.se\/e-butik\/wp-json\/wp\/v2\/product_brand?post=22289"},{"taxonomy":"product_cat","embeddable":true,"href":"https:\/\/www.atta45.se\/e-butik\/wp-json\/wp\/v2\/product_cat?post=22289"},{"taxonomy":"product_tag","embeddable":true,"href":"https:\/\/www.atta45.se\/e-butik\/wp-json\/wp\/v2\/product_tag?post=22289"}],"curies":[{"name":"wp","href":"https:\/\/api.w.org\/{rel}","templated":true}]}}