{"id":22263,"date":"2024-12-26T15:42:56","date_gmt":"2024-12-26T14:42:56","guid":{"rendered":"https:\/\/www.atta45.se\/e-butik\/?post_type=product&#038;p=22263"},"modified":"2025-10-28T03:11:21","modified_gmt":"2025-10-28T02:11:21","slug":"screentryckta-pins","status":"publish","type":"product","link":"https:\/\/www.atta45.se\/e-butik\/produkt\/screentryckta-pins\/","title":{"rendered":"Pins screentryckta"},"content":{"rendered":"<p>Snygga produkter d\u00e4r du sj\u00e4lv v\u00e4ljer antalet f\u00e4rger. V\u00e4lj bas i guld eller silver. Screentryckta m\u00e4rken beh\u00f6ver inte ha pl\u00e4terad ytterkant i metall eller mellan f\u00e4rgerna. Ange solida Pantone-f\u00e4rger som referenser, inga tonade f\u00e4rger. Alltid med epoxy\u00f6verdrag. Rekommenderas f\u00f6r motiv med sm\u00e5 detaljer. <\/p>\n","protected":false},"excerpt":{"rendered":"<p>Snygga produkter d\u00e4r du sj\u00e4lv v\u00e4ljer antalet f\u00e4rger. V\u00e4lj bas i guld eller silver. Screentryckta m\u00e4rken beh\u00f6ver inte ha pl\u00e4terad ytterkant i metall eller mellan f\u00e4rgerna. Ange solida Pantone-f\u00e4rger som referenser, inga tonade f\u00e4rger. Alltid med epoxy\u00f6verdrag. Rekommenderas f\u00f6r motiv med sm\u00e5 detaljer.<\/p>\n","protected":false},"featured_media":22264,"template":"","meta":{"_acf_changed":false,"_seopress_robots_primary_cat":"","_seopress_titles_title":"","_seopress_titles_desc":"","_seopress_robots_index":""},"product_brand":[],"product_cat":[15],"product_tag":[],"class_list":{"0":"post-22263","1":"product","2":"type-product","3":"status-publish","4":"has-post-thumbnail","6":"product_cat-okategoriserad","7":"atta45_taxonomy-accessoarer-pins-metallmarken-sv","8":"atta45_taxonomy-pins-metallmarken-sv","9":"atta45_taxonomy-tema-inspiration-varumarken-ycp-sv","11":"first","12":"instock","13":"taxable","14":"shipping-taxable","15":"purchasable","16":"product-type-variable"},"acf":[],"_links":{"self":[{"href":"https:\/\/www.atta45.se\/e-butik\/wp-json\/wp\/v2\/product\/22263","targetHints":{"allow":["GET"]}}],"collection":[{"href":"https:\/\/www.atta45.se\/e-butik\/wp-json\/wp\/v2\/product"}],"about":[{"href":"https:\/\/www.atta45.se\/e-butik\/wp-json\/wp\/v2\/types\/product"}],"wp:featuredmedia":[{"embeddable":true,"href":"https:\/\/www.atta45.se\/e-butik\/wp-json\/wp\/v2\/media\/22264"}],"wp:attachment":[{"href":"https:\/\/www.atta45.se\/e-butik\/wp-json\/wp\/v2\/media?parent=22263"}],"wp:term":[{"taxonomy":"product_brand","embeddable":true,"href":"https:\/\/www.atta45.se\/e-butik\/wp-json\/wp\/v2\/product_brand?post=22263"},{"taxonomy":"product_cat","embeddable":true,"href":"https:\/\/www.atta45.se\/e-butik\/wp-json\/wp\/v2\/product_cat?post=22263"},{"taxonomy":"product_tag","embeddable":true,"href":"https:\/\/www.atta45.se\/e-butik\/wp-json\/wp\/v2\/product_tag?post=22263"}],"curies":[{"name":"wp","href":"https:\/\/api.w.org\/{rel}","templated":true}]}}