{"id":22139,"date":"2024-12-26T15:41:10","date_gmt":"2024-12-26T14:41:10","guid":{"rendered":"https:\/\/www.atta45.se\/e-butik\/?post_type=product&#038;p=22139"},"modified":"2025-10-27T18:21:35","modified_gmt":"2025-10-27T17:21:35","slug":"gordel-svart","status":"publish","type":"product","link":"https:\/\/www.atta45.se\/e-butik\/produkt\/gordel-svart\/","title":{"rendered":"G\u00f6rdel (svart)"},"content":{"rendered":"<p>G\u00f6rdel fr\u00e5n Pavone. En del i kollektionen f\u00f6r den v\u00e4lkl\u00e4dda festen och avsedd f\u00f6r att full\u00e4nda smokingen. Justerbar l\u00e4ngd f\u00f6r \u00f6kad passform. Finns i flera f\u00e4rger. Fluga s\u00e4ljs separat.<\/p>\n","protected":false},"excerpt":{"rendered":"<p>G\u00f6rdel fr\u00e5n Pavone. En del i kollektionen f\u00f6r den v\u00e4lkl\u00e4dda festen och avsedd f\u00f6r att full\u00e4nda smokingen. Justerbar l\u00e4ngd f\u00f6r \u00f6kad passform. Finns i flera f\u00e4rger. Fluga s\u00e4ljs separat.<\/p>\n","protected":false},"featured_media":22140,"template":"","meta":{"_acf_changed":false,"_seopress_robots_primary_cat":"","_seopress_titles_title":"","_seopress_titles_desc":"","_seopress_robots_index":""},"product_brand":[],"product_cat":[15],"product_tag":[],"class_list":{"0":"post-22139","1":"product","2":"type-product","3":"status-publish","4":"has-post-thumbnail","6":"product_cat-okategoriserad","7":"atta45_taxonomy-accessoarer-gordel-sv","8":"atta45_taxonomy-tema-inspiration-varumarken-pavone-sv","10":"first","11":"instock","12":"taxable","13":"shipping-taxable","14":"purchasable","15":"product-type-variable"},"acf":[],"_links":{"self":[{"href":"https:\/\/www.atta45.se\/e-butik\/wp-json\/wp\/v2\/product\/22139","targetHints":{"allow":["GET"]}}],"collection":[{"href":"https:\/\/www.atta45.se\/e-butik\/wp-json\/wp\/v2\/product"}],"about":[{"href":"https:\/\/www.atta45.se\/e-butik\/wp-json\/wp\/v2\/types\/product"}],"wp:featuredmedia":[{"embeddable":true,"href":"https:\/\/www.atta45.se\/e-butik\/wp-json\/wp\/v2\/media\/22140"}],"wp:attachment":[{"href":"https:\/\/www.atta45.se\/e-butik\/wp-json\/wp\/v2\/media?parent=22139"}],"wp:term":[{"taxonomy":"product_brand","embeddable":true,"href":"https:\/\/www.atta45.se\/e-butik\/wp-json\/wp\/v2\/product_brand?post=22139"},{"taxonomy":"product_cat","embeddable":true,"href":"https:\/\/www.atta45.se\/e-butik\/wp-json\/wp\/v2\/product_cat?post=22139"},{"taxonomy":"product_tag","embeddable":true,"href":"https:\/\/www.atta45.se\/e-butik\/wp-json\/wp\/v2\/product_tag?post=22139"}],"curies":[{"name":"wp","href":"https:\/\/api.w.org\/{rel}","templated":true}]}}