{"id":22067,"date":"2024-12-26T15:39:43","date_gmt":"2024-12-26T14:39:43","guid":{"rendered":"https:\/\/www.atta45.se\/e-butik\/?post_type=product&#038;p=22067"},"modified":"2025-10-27T18:18:07","modified_gmt":"2025-10-27T17:18:07","slug":"fluga-bla-och-morkbla","status":"publish","type":"product","link":"https:\/\/www.atta45.se\/e-butik\/produkt\/fluga-bla-och-morkbla\/","title":{"rendered":"Fluga (bl\u00e5 och m\u00f6rkbl\u00e5)"},"content":{"rendered":"<p>Snygg och modern f\u00e4rdigknuten fluga i h\u00f6gkvalitativ mikrofiber. Finns i flera f\u00e4rgkombinationer.<\/p>\n","protected":false},"excerpt":{"rendered":"<p>Snygg och modern f\u00e4rdigknuten fluga i h\u00f6gkvalitativ mikrofiber. Finns i flera f\u00e4rgkombinationer.<\/p>\n","protected":false},"featured_media":22068,"template":"","meta":{"_acf_changed":false,"_seopress_robots_primary_cat":"","_seopress_titles_title":"","_seopress_titles_desc":"","_seopress_robots_index":""},"product_brand":[],"product_cat":[15],"product_tag":[],"class_list":{"0":"post-22067","1":"product","2":"type-product","3":"status-publish","4":"has-post-thumbnail","6":"product_cat-okategoriserad","7":"atta45_taxonomy-accessoarer-flugor-sv","8":"atta45_taxonomy-tema-inspiration-varumarken-pavone-sv","10":"first","11":"instock","12":"taxable","13":"shipping-taxable","14":"purchasable","15":"product-type-variable"},"acf":[],"_links":{"self":[{"href":"https:\/\/www.atta45.se\/e-butik\/wp-json\/wp\/v2\/product\/22067","targetHints":{"allow":["GET"]}}],"collection":[{"href":"https:\/\/www.atta45.se\/e-butik\/wp-json\/wp\/v2\/product"}],"about":[{"href":"https:\/\/www.atta45.se\/e-butik\/wp-json\/wp\/v2\/types\/product"}],"wp:featuredmedia":[{"embeddable":true,"href":"https:\/\/www.atta45.se\/e-butik\/wp-json\/wp\/v2\/media\/22068"}],"wp:attachment":[{"href":"https:\/\/www.atta45.se\/e-butik\/wp-json\/wp\/v2\/media?parent=22067"}],"wp:term":[{"taxonomy":"product_brand","embeddable":true,"href":"https:\/\/www.atta45.se\/e-butik\/wp-json\/wp\/v2\/product_brand?post=22067"},{"taxonomy":"product_cat","embeddable":true,"href":"https:\/\/www.atta45.se\/e-butik\/wp-json\/wp\/v2\/product_cat?post=22067"},{"taxonomy":"product_tag","embeddable":true,"href":"https:\/\/www.atta45.se\/e-butik\/wp-json\/wp\/v2\/product_tag?post=22067"}],"curies":[{"name":"wp","href":"https:\/\/api.w.org\/{rel}","templated":true}]}}