{"id":21999,"date":"2024-12-26T15:38:37","date_gmt":"2024-12-26T14:38:37","guid":{"rendered":"https:\/\/www.atta45.se\/e-butik\/?post_type=product&#038;p=21999"},"modified":"2025-10-28T03:39:18","modified_gmt":"2025-10-28T02:39:18","slug":"militarbalte-med-vavd-logo-120-cm","status":"publish","type":"product","link":"https:\/\/www.atta45.se\/e-butik\/produkt\/militarbalte-med-vavd-logo-120-cm\/","title":{"rendered":"B\u00e4lte Milit\u00e4rb\u00e4lte med v\u00e4vd logo (120 cm)"},"content":{"rendered":"<p>H\u00e4ftigt milit\u00e4rb\u00e4lte, d\u00e4r loggan kan v\u00e4vas runt hela bandet. Finns i 35 och 40 mm bredd.<\/p>\n","protected":false},"excerpt":{"rendered":"<p>H\u00e4ftigt milit\u00e4rb\u00e4lte, d\u00e4r loggan kan v\u00e4vas runt hela bandet. Finns i 35 och 40 mm bredd.<\/p>\n","protected":false},"featured_media":22000,"template":"","meta":{"_acf_changed":false,"_seopress_robots_primary_cat":"","_seopress_titles_title":"","_seopress_titles_desc":"","_seopress_robots_index":""},"product_brand":[],"product_cat":[15],"product_tag":[],"class_list":{"0":"post-21999","1":"product","2":"type-product","3":"status-publish","4":"has-post-thumbnail","6":"product_cat-okategoriserad","7":"atta45_taxonomy-accessoarer-balten-sv","8":"atta45_taxonomy-tema-inspiration-varumarken-ycp-sv","10":"first","11":"instock","12":"taxable","13":"shipping-taxable","14":"purchasable","15":"product-type-variable"},"acf":[],"_links":{"self":[{"href":"https:\/\/www.atta45.se\/e-butik\/wp-json\/wp\/v2\/product\/21999","targetHints":{"allow":["GET"]}}],"collection":[{"href":"https:\/\/www.atta45.se\/e-butik\/wp-json\/wp\/v2\/product"}],"about":[{"href":"https:\/\/www.atta45.se\/e-butik\/wp-json\/wp\/v2\/types\/product"}],"wp:featuredmedia":[{"embeddable":true,"href":"https:\/\/www.atta45.se\/e-butik\/wp-json\/wp\/v2\/media\/22000"}],"wp:attachment":[{"href":"https:\/\/www.atta45.se\/e-butik\/wp-json\/wp\/v2\/media?parent=21999"}],"wp:term":[{"taxonomy":"product_brand","embeddable":true,"href":"https:\/\/www.atta45.se\/e-butik\/wp-json\/wp\/v2\/product_brand?post=21999"},{"taxonomy":"product_cat","embeddable":true,"href":"https:\/\/www.atta45.se\/e-butik\/wp-json\/wp\/v2\/product_cat?post=21999"},{"taxonomy":"product_tag","embeddable":true,"href":"https:\/\/www.atta45.se\/e-butik\/wp-json\/wp\/v2\/product_tag?post=21999"}],"curies":[{"name":"wp","href":"https:\/\/api.w.org\/{rel}","templated":true}]}}