{"id":21943,"date":"2024-12-26T15:38:13","date_gmt":"2024-12-26T14:38:13","guid":{"rendered":"https:\/\/www.atta45.se\/e-butik\/?post_type=product&#038;p=21943"},"modified":"2025-10-28T00:52:29","modified_gmt":"2025-10-27T23:52:29","slug":"schwarzwolf-ravik-elasiskt-vattentatt-balte","status":"publish","type":"product","link":"https:\/\/www.atta45.se\/e-butik\/produkt\/schwarzwolf-ravik-elasiskt-vattentatt-balte\/","title":{"rendered":"B\u00e4lte Schwarzwolf Ravik elasiskt vattent\u00e4tt"},"content":{"rendered":"<p>Elastiskt vattent\u00e4tt b\u00e4lte Schwarzwolf med flexibel, vattent\u00e4t ficka, karbin och dragkedja. Reflekterande detaljer och integrerad utg\u00e5ng f\u00f6r h\u00f6rlurar. Levereras i Schwarzwolf presentf\u00f6rpackning.<br \/>Rekommenderad m\u00e4rkning: Screentryck S2, UV-tryck UV3 p\u00e5 clips<br \/>Maximal tryckyta 100 \u00d7 20 mm<br \/>M\u00e5tt: 71-102 \u00d7 4,5 \u00d7 1 cm<\/p>\n","protected":false},"excerpt":{"rendered":"<p>Elastiskt vattent\u00e4tt b\u00e4lte Schwarzwolf med flexibel, vattent\u00e4t ficka, karbin och dragkedja. Reflekterande detaljer och integrerad utg\u00e5ng f\u00f6r h\u00f6rlurar. Levereras i Schwarzwolf presentf\u00f6rpackning.Rekommenderad m\u00e4rkning: Screentryck S2, UV-tryck UV3 p\u00e5 clipsMaximal tryckyta 100 \u00d7 20 mmM\u00e5tt: 71-102 \u00d7 4,5 \u00d7 1 cm<\/p>\n","protected":false},"featured_media":21944,"template":"","meta":{"_acf_changed":false,"_seopress_robots_primary_cat":"","_seopress_titles_title":"","_seopress_titles_desc":"","_seopress_robots_index":""},"product_brand":[],"product_cat":[15],"product_tag":[],"class_list":{"0":"post-21943","1":"product","2":"type-product","3":"status-publish","4":"has-post-thumbnail","6":"product_cat-okategoriserad","7":"atta45_taxonomy-accessoarer-balten-sv","8":"atta45_taxonomy-fritid-overlevnadsprodukter-sv","9":"atta45_taxonomy-praktiska-ting-planbocker-sv","10":"atta45_taxonomy-reflexer-verktyg-sakerhet-reflexvastar-sv","11":"atta45_taxonomy-tema-inspiration-varumarken-schwarzwolf-sv","13":"first","14":"instock","15":"taxable","16":"shipping-taxable","17":"purchasable","18":"product-type-variable"},"acf":[],"_links":{"self":[{"href":"https:\/\/www.atta45.se\/e-butik\/wp-json\/wp\/v2\/product\/21943","targetHints":{"allow":["GET"]}}],"collection":[{"href":"https:\/\/www.atta45.se\/e-butik\/wp-json\/wp\/v2\/product"}],"about":[{"href":"https:\/\/www.atta45.se\/e-butik\/wp-json\/wp\/v2\/types\/product"}],"wp:featuredmedia":[{"embeddable":true,"href":"https:\/\/www.atta45.se\/e-butik\/wp-json\/wp\/v2\/media\/21944"}],"wp:attachment":[{"href":"https:\/\/www.atta45.se\/e-butik\/wp-json\/wp\/v2\/media?parent=21943"}],"wp:term":[{"taxonomy":"product_brand","embeddable":true,"href":"https:\/\/www.atta45.se\/e-butik\/wp-json\/wp\/v2\/product_brand?post=21943"},{"taxonomy":"product_cat","embeddable":true,"href":"https:\/\/www.atta45.se\/e-butik\/wp-json\/wp\/v2\/product_cat?post=21943"},{"taxonomy":"product_tag","embeddable":true,"href":"https:\/\/www.atta45.se\/e-butik\/wp-json\/wp\/v2\/product_tag?post=21943"}],"curies":[{"name":"wp","href":"https:\/\/api.w.org\/{rel}","templated":true}]}}