{"id":21937,"date":"2024-12-26T15:38:08","date_gmt":"2024-12-26T14:38:08","guid":{"rendered":"https:\/\/www.atta45.se\/e-butik\/?post_type=product&#038;p=21937"},"modified":"2025-10-27T18:09:15","modified_gmt":"2025-10-27T17:09:15","slug":"balte-livrem-lb-svart","status":"publish","type":"product","link":"https:\/\/www.atta45.se\/e-butik\/produkt\/balte-livrem-lb-svart\/","title":{"rendered":"B\u00e4lte \/ Livrem LB (svart)"},"content":{"rendered":"<p>Svart tidl\u00f6st Fashionb\u00e4lte fr\u00e5n italien med silverf\u00e4rgat sp\u00e4nne. \u00c4r 30 mm brett och levereras i olika l\u00e4ngder f\u00f6r att passa stora m\u00e5lgrupper.<\/p>\n","protected":false},"excerpt":{"rendered":"<p>Svart tidl\u00f6st Fashionb\u00e4lte fr\u00e5n italien med silverf\u00e4rgat sp\u00e4nne. \u00c4r 30 mm brett och levereras i olika l\u00e4ngder f\u00f6r att passa stora m\u00e5lgrupper.<\/p>\n","protected":false},"featured_media":21938,"template":"","meta":{"_acf_changed":false,"_seopress_robots_primary_cat":"","_seopress_titles_title":"","_seopress_titles_desc":"","_seopress_robots_index":""},"product_brand":[],"product_cat":[15],"product_tag":[],"class_list":{"0":"post-21937","1":"product","2":"type-product","3":"status-publish","4":"has-post-thumbnail","6":"product_cat-okategoriserad","7":"atta45_taxonomy-accessoarer-balten-sv","8":"atta45_taxonomy-tema-inspiration-varumarken-blackline-sv","9":"atta45_taxonomy-tema-inspiration-made-in-europe-italien-sv","11":"first","12":"instock","13":"taxable","14":"shipping-taxable","15":"purchasable","16":"product-type-variable"},"acf":[],"_links":{"self":[{"href":"https:\/\/www.atta45.se\/e-butik\/wp-json\/wp\/v2\/product\/21937","targetHints":{"allow":["GET"]}}],"collection":[{"href":"https:\/\/www.atta45.se\/e-butik\/wp-json\/wp\/v2\/product"}],"about":[{"href":"https:\/\/www.atta45.se\/e-butik\/wp-json\/wp\/v2\/types\/product"}],"wp:featuredmedia":[{"embeddable":true,"href":"https:\/\/www.atta45.se\/e-butik\/wp-json\/wp\/v2\/media\/21938"}],"wp:attachment":[{"href":"https:\/\/www.atta45.se\/e-butik\/wp-json\/wp\/v2\/media?parent=21937"}],"wp:term":[{"taxonomy":"product_brand","embeddable":true,"href":"https:\/\/www.atta45.se\/e-butik\/wp-json\/wp\/v2\/product_brand?post=21937"},{"taxonomy":"product_cat","embeddable":true,"href":"https:\/\/www.atta45.se\/e-butik\/wp-json\/wp\/v2\/product_cat?post=21937"},{"taxonomy":"product_tag","embeddable":true,"href":"https:\/\/www.atta45.se\/e-butik\/wp-json\/wp\/v2\/product_tag?post=21937"}],"curies":[{"name":"wp","href":"https:\/\/api.w.org\/{rel}","templated":true}]}}