{"id":21787,"date":"2024-12-26T15:36:11","date_gmt":"2024-12-26T14:36:11","guid":{"rendered":"https:\/\/www.atta45.se\/e-butik\/?post_type=product&#038;p=21787"},"modified":"2025-10-27T18:02:37","modified_gmt":"2025-10-27T17:02:37","slug":"militarbalte-35-mm-blatt","status":"publish","type":"product","link":"https:\/\/www.atta45.se\/e-butik\/produkt\/militarbalte-35-mm-blatt\/","title":{"rendered":"Milit\u00e4rb\u00e4lte 35 mm (bl\u00e5tt)"},"content":{"rendered":"<p>Modernt milit\u00e4rb\u00e4lte med silverf\u00e4rgat sp\u00e4nne. Bredden \u00e4r 35 mm<\/p>\n","protected":false},"excerpt":{"rendered":"<p>Modernt milit\u00e4rb\u00e4lte med silverf\u00e4rgat sp\u00e4nne. Bredden \u00e4r 35 mm<\/p>\n","protected":false},"featured_media":21788,"template":"","meta":{"_acf_changed":false,"_seopress_robots_primary_cat":"","_seopress_titles_title":"","_seopress_titles_desc":"","_seopress_robots_index":""},"product_brand":[],"product_cat":[15],"product_tag":[],"class_list":{"0":"post-21787","1":"product","2":"type-product","3":"status-publish","4":"has-post-thumbnail","6":"product_cat-okategoriserad","7":"atta45_taxonomy-accessoarer-balten-sv","8":"atta45_taxonomy-tema-inspiration-varumarken-blackline-sv","10":"first","11":"instock","12":"taxable","13":"shipping-taxable","14":"purchasable","15":"product-type-variable"},"acf":[],"_links":{"self":[{"href":"https:\/\/www.atta45.se\/e-butik\/wp-json\/wp\/v2\/product\/21787","targetHints":{"allow":["GET"]}}],"collection":[{"href":"https:\/\/www.atta45.se\/e-butik\/wp-json\/wp\/v2\/product"}],"about":[{"href":"https:\/\/www.atta45.se\/e-butik\/wp-json\/wp\/v2\/types\/product"}],"wp:featuredmedia":[{"embeddable":true,"href":"https:\/\/www.atta45.se\/e-butik\/wp-json\/wp\/v2\/media\/21788"}],"wp:attachment":[{"href":"https:\/\/www.atta45.se\/e-butik\/wp-json\/wp\/v2\/media?parent=21787"}],"wp:term":[{"taxonomy":"product_brand","embeddable":true,"href":"https:\/\/www.atta45.se\/e-butik\/wp-json\/wp\/v2\/product_brand?post=21787"},{"taxonomy":"product_cat","embeddable":true,"href":"https:\/\/www.atta45.se\/e-butik\/wp-json\/wp\/v2\/product_cat?post=21787"},{"taxonomy":"product_tag","embeddable":true,"href":"https:\/\/www.atta45.se\/e-butik\/wp-json\/wp\/v2\/product_tag?post=21787"}],"curies":[{"name":"wp","href":"https:\/\/api.w.org\/{rel}","templated":true}]}}