{"id":21555,"date":"2024-12-26T15:15:15","date_gmt":"2024-12-26T14:15:15","guid":{"rendered":"https:\/\/www.atta45.se\/e-butik\/?post_type=product&#038;p=21555"},"modified":"2025-10-28T03:38:24","modified_gmt":"2025-10-28T02:38:24","slug":"musmatta-med-kalkylator","status":"publish","type":"product","link":"https:\/\/www.atta45.se\/e-butik\/produkt\/musmatta-med-kalkylator\/","title":{"rendered":"Musmatta (med kalkylator)"},"content":{"rendered":"<p>En musmatta \u00e4r mycket bra att ha n\u00e4r man arbetar vid datorn. Tillsammans med h\u00f6g  nytta och en snygg digitaltryckt design, exponeras ditt meddelande p\u00e5 ett mycket professionellt s\u00e4tt.<\/p>\n","protected":false},"excerpt":{"rendered":"<p>En musmatta \u00e4r mycket bra att ha n\u00e4r man arbetar vid datorn. Tillsammans med h\u00f6g nytta och en snygg digitaltryckt design, exponeras ditt meddelande p\u00e5 ett mycket professionellt s\u00e4tt.<\/p>\n","protected":false},"featured_media":21556,"template":"","meta":{"_acf_changed":false,"_seopress_robots_primary_cat":"","_seopress_titles_title":"","_seopress_titles_desc":"","_seopress_robots_index":""},"product_brand":[],"product_cat":[15],"product_tag":[],"class_list":{"0":"post-21555","1":"product","2":"type-product","3":"status-publish","4":"has-post-thumbnail","6":"product_cat-okategoriserad","7":"atta45_taxonomy-elektronik-kontor-datortillbehor-sv","8":"atta45_taxonomy-elektronik-kontor-kontorsartiklar-sv","9":"atta45_taxonomy-trading-elektronik-mobiltillbehor-musmattor-sv","10":"atta45_taxonomy-elektronik-kontor-skrivbordsartiklar-sv","12":"first","13":"instock","14":"taxable","15":"shipping-taxable","16":"purchasable","17":"product-type-variable"},"acf":[],"_links":{"self":[{"href":"https:\/\/www.atta45.se\/e-butik\/wp-json\/wp\/v2\/product\/21555","targetHints":{"allow":["GET"]}}],"collection":[{"href":"https:\/\/www.atta45.se\/e-butik\/wp-json\/wp\/v2\/product"}],"about":[{"href":"https:\/\/www.atta45.se\/e-butik\/wp-json\/wp\/v2\/types\/product"}],"wp:featuredmedia":[{"embeddable":true,"href":"https:\/\/www.atta45.se\/e-butik\/wp-json\/wp\/v2\/media\/21556"}],"wp:attachment":[{"href":"https:\/\/www.atta45.se\/e-butik\/wp-json\/wp\/v2\/media?parent=21555"}],"wp:term":[{"taxonomy":"product_brand","embeddable":true,"href":"https:\/\/www.atta45.se\/e-butik\/wp-json\/wp\/v2\/product_brand?post=21555"},{"taxonomy":"product_cat","embeddable":true,"href":"https:\/\/www.atta45.se\/e-butik\/wp-json\/wp\/v2\/product_cat?post=21555"},{"taxonomy":"product_tag","embeddable":true,"href":"https:\/\/www.atta45.se\/e-butik\/wp-json\/wp\/v2\/product_tag?post=21555"}],"curies":[{"name":"wp","href":"https:\/\/api.w.org\/{rel}","templated":true}]}}