{"id":21417,"date":"2024-12-26T15:13:14","date_gmt":"2024-12-26T14:13:14","guid":{"rendered":"https:\/\/www.atta45.se\/e-butik\/?post_type=product&#038;p=21417"},"modified":"2025-10-27T16:59:54","modified_gmt":"2025-10-27T15:59:54","slug":"nyckelhallare-och-usb-laddare-keegan","status":"publish","type":"product","link":"https:\/\/www.atta45.se\/e-butik\/produkt\/nyckelhallare-och-usb-laddare-keegan\/","title":{"rendered":"Nyckelh\u00e5llare och USB-laddare Keegan"},"content":{"rendered":"<p>Nyckelh\u00e5llare och USB-laddare med bomullskabel och bambudetaljer. Med USB-A-port, mikro-USB-port och tv\u00e5 USB-c-portar. Individuellt f\u00f6rpackad i brun kartongp\u00e5se.<\/p>\n","protected":false},"excerpt":{"rendered":"<p>Nyckelh\u00e5llare och USB-laddare med bomullskabel och bambudetaljer. Med USB-A-port, mikro-USB-port och tv\u00e5 USB-c-portar. Individuellt f\u00f6rpackad i brun kartongp\u00e5se.<\/p>\n","protected":false},"featured_media":21418,"template":"","meta":{"_acf_changed":false,"_seopress_robots_primary_cat":"","_seopress_titles_title":"","_seopress_titles_desc":"","_seopress_robots_index":""},"product_brand":[],"product_cat":[15],"product_tag":[],"class_list":{"0":"post-21417","1":"product","2":"type-product","3":"status-publish","4":"has-post-thumbnail","6":"product_cat-okategoriserad","7":"atta45_taxonomy-tema-inspiration-grona-intryck-bambu-sv","8":"atta45_taxonomy-elektronik-kontor-datortillbehor-sv","9":"atta45_taxonomy-elektronik-kontor-sv","10":"atta45_taxonomy-tema-inspiration-grona-intryck-sv","11":"atta45_taxonomy-elektronik-kontor-kontorsartiklar-sv","12":"atta45_taxonomy-tema-inspiration-speciella-trycktekniker-name-it-sv","13":"atta45_taxonomy-mobiltillbehor-mobiltillbehor-sv","14":"atta45_taxonomy-praktiska-ting-nyckelringar-utan-lampor-sv","16":"first","17":"instock","18":"taxable","19":"shipping-taxable","20":"purchasable","21":"product-type-variable"},"acf":[],"_links":{"self":[{"href":"https:\/\/www.atta45.se\/e-butik\/wp-json\/wp\/v2\/product\/21417","targetHints":{"allow":["GET"]}}],"collection":[{"href":"https:\/\/www.atta45.se\/e-butik\/wp-json\/wp\/v2\/product"}],"about":[{"href":"https:\/\/www.atta45.se\/e-butik\/wp-json\/wp\/v2\/types\/product"}],"wp:featuredmedia":[{"embeddable":true,"href":"https:\/\/www.atta45.se\/e-butik\/wp-json\/wp\/v2\/media\/21418"}],"wp:attachment":[{"href":"https:\/\/www.atta45.se\/e-butik\/wp-json\/wp\/v2\/media?parent=21417"}],"wp:term":[{"taxonomy":"product_brand","embeddable":true,"href":"https:\/\/www.atta45.se\/e-butik\/wp-json\/wp\/v2\/product_brand?post=21417"},{"taxonomy":"product_cat","embeddable":true,"href":"https:\/\/www.atta45.se\/e-butik\/wp-json\/wp\/v2\/product_cat?post=21417"},{"taxonomy":"product_tag","embeddable":true,"href":"https:\/\/www.atta45.se\/e-butik\/wp-json\/wp\/v2\/product_tag?post=21417"}],"curies":[{"name":"wp","href":"https:\/\/api.w.org\/{rel}","templated":true}]}}