{"id":21391,"date":"2024-12-26T15:12:53","date_gmt":"2024-12-26T14:12:53","guid":{"rendered":"https:\/\/www.atta45.se\/e-butik\/?post_type=product&#038;p=21391"},"modified":"2025-10-27T16:56:20","modified_gmt":"2025-10-27T15:56:20","slug":"laptopvaska-i-lader-15-tum-michael","status":"publish","type":"product","link":"https:\/\/www.atta45.se\/e-butik\/produkt\/laptopvaska-i-lader-15-tum-michael\/","title":{"rendered":"Laptopv\u00e4ska i l\u00e4der (15 tum) Michael"},"content":{"rendered":"<p>Laptopv\u00e4ska i l\u00e4der (15 tum) med dragkedja. V\u00e4skan har flera inv\u00e4ndiga fack: fyra fickor, ett fack med dragkedja och ett fack f\u00f6r en b\u00e4rbar dator med kardborre. Den har tv\u00e5 korta l\u00e4derhandtag och en justerbar axelrem i nylon.<\/p>\n","protected":false},"excerpt":{"rendered":"<p>Laptopv\u00e4ska i l\u00e4der (15 tum) med dragkedja. V\u00e4skan har flera inv\u00e4ndiga fack: fyra fickor, ett fack med dragkedja och ett fack f\u00f6r en b\u00e4rbar dator med kardborre. Den har tv\u00e5 korta l\u00e4derhandtag och en justerbar axelrem i nylon.<\/p>\n","protected":false},"featured_media":21392,"template":"","meta":{"_acf_changed":false,"_seopress_robots_primary_cat":"","_seopress_titles_title":"","_seopress_titles_desc":"","_seopress_robots_index":""},"product_brand":[],"product_cat":[15],"product_tag":[],"class_list":{"0":"post-21391","1":"product","2":"type-product","3":"status-publish","4":"has-post-thumbnail","6":"product_cat-okategoriserad","7":"atta45_taxonomy-elektronik-kontor-datortillbehor-sv","8":"atta45_taxonomy-textil-kontor-foretag-sv","9":"atta45_taxonomy-vaskor-resetillbehor-laptopvaskor-sv","10":"atta45_taxonomy-elektronik-kontor-portfoljer-sv","11":"atta45_taxonomy-textil-vaskor-bagar-sv","12":"atta45_taxonomy-vaskor-resetillbehor-sv","14":"first","15":"instock","16":"taxable","17":"shipping-taxable","18":"purchasable","19":"product-type-variable"},"acf":[],"_links":{"self":[{"href":"https:\/\/www.atta45.se\/e-butik\/wp-json\/wp\/v2\/product\/21391","targetHints":{"allow":["GET"]}}],"collection":[{"href":"https:\/\/www.atta45.se\/e-butik\/wp-json\/wp\/v2\/product"}],"about":[{"href":"https:\/\/www.atta45.se\/e-butik\/wp-json\/wp\/v2\/types\/product"}],"wp:featuredmedia":[{"embeddable":true,"href":"https:\/\/www.atta45.se\/e-butik\/wp-json\/wp\/v2\/media\/21392"}],"wp:attachment":[{"href":"https:\/\/www.atta45.se\/e-butik\/wp-json\/wp\/v2\/media?parent=21391"}],"wp:term":[{"taxonomy":"product_brand","embeddable":true,"href":"https:\/\/www.atta45.se\/e-butik\/wp-json\/wp\/v2\/product_brand?post=21391"},{"taxonomy":"product_cat","embeddable":true,"href":"https:\/\/www.atta45.se\/e-butik\/wp-json\/wp\/v2\/product_cat?post=21391"},{"taxonomy":"product_tag","embeddable":true,"href":"https:\/\/www.atta45.se\/e-butik\/wp-json\/wp\/v2\/product_tag?post=21391"}],"curies":[{"name":"wp","href":"https:\/\/api.w.org\/{rel}","templated":true}]}}