{"id":21307,"date":"2024-12-26T15:11:44","date_gmt":"2024-12-26T14:11:44","guid":{"rendered":"https:\/\/www.atta45.se\/e-butik\/?post_type=product&#038;p=21307"},"modified":"2025-10-27T16:42:10","modified_gmt":"2025-10-27T15:42:10","slug":"ryggsack-for-16-tum-laptop-av-rpet-300d-jesse","status":"publish","type":"product","link":"https:\/\/www.atta45.se\/e-butik\/produkt\/ryggsack-for-16-tum-laptop-av-rpet-300d-jesse\/","title":{"rendered":"Ryggs\u00e4ck f\u00f6r 16 tum f\u00f6r laptop av RPET (300D) Jesse"},"content":{"rendered":"<p>Ryggs\u00e4ck f\u00f6r 16&#8243; laptop av RPET (300D) med detaljer 210D. Rymmer flera fickor p\u00e5 insidan, fack f\u00f6r laptop med kardborrest\u00e4ngning, en framficka med dragkedja. \u00d6ppning med USB-A p\u00e5 sidan.<\/p>\n","protected":false},"excerpt":{"rendered":"<p>Ryggs\u00e4ck f\u00f6r 16&#8243; laptop av RPET (300D) med detaljer 210D. Rymmer flera fickor p\u00e5 insidan, fack f\u00f6r laptop med kardborrest\u00e4ngning, en framficka med dragkedja. \u00d6ppning med USB-A p\u00e5 sidan.<\/p>\n","protected":false},"featured_media":21308,"template":"","meta":{"_acf_changed":false,"_seopress_robots_primary_cat":"","_seopress_titles_title":"","_seopress_titles_desc":"","_seopress_robots_index":""},"product_brand":[],"product_cat":[15],"product_tag":[],"class_list":{"0":"post-21307","1":"product","2":"type-product","3":"status-publish","4":"has-post-thumbnail","6":"product_cat-okategoriserad","7":"atta45_taxonomy-elektronik-kontor-datortillbehor-sv","8":"atta45_taxonomy-tema-inspiration-grona-intryck-sv","9":"atta45_taxonomy-textil-kontor-foretag-sv","10":"atta45_taxonomy-vaskor-resetillbehor-laptopvaskor-sv","11":"atta45_taxonomy-tema-inspiration-speciella-trycktekniker-name-it-sv","12":"atta45_taxonomy-elektronik-kontor-portfoljer-sv","13":"atta45_taxonomy-vaskor-resetillbehor-researtiklar-sv","14":"atta45_taxonomy-vaskor-resetillbehor-ryggsackar-sv","15":"atta45_taxonomy-vaskor-resetillbehor-ryggsackar-axelremsvaskor-sv","16":"atta45_taxonomy-textil-vaskor-bagar-sv","17":"atta45_taxonomy-vaskor-resetillbehor-sv","19":"first","20":"instock","21":"taxable","22":"shipping-taxable","23":"purchasable","24":"product-type-variable"},"acf":[],"_links":{"self":[{"href":"https:\/\/www.atta45.se\/e-butik\/wp-json\/wp\/v2\/product\/21307","targetHints":{"allow":["GET"]}}],"collection":[{"href":"https:\/\/www.atta45.se\/e-butik\/wp-json\/wp\/v2\/product"}],"about":[{"href":"https:\/\/www.atta45.se\/e-butik\/wp-json\/wp\/v2\/types\/product"}],"wp:featuredmedia":[{"embeddable":true,"href":"https:\/\/www.atta45.se\/e-butik\/wp-json\/wp\/v2\/media\/21308"}],"wp:attachment":[{"href":"https:\/\/www.atta45.se\/e-butik\/wp-json\/wp\/v2\/media?parent=21307"}],"wp:term":[{"taxonomy":"product_brand","embeddable":true,"href":"https:\/\/www.atta45.se\/e-butik\/wp-json\/wp\/v2\/product_brand?post=21307"},{"taxonomy":"product_cat","embeddable":true,"href":"https:\/\/www.atta45.se\/e-butik\/wp-json\/wp\/v2\/product_cat?post=21307"},{"taxonomy":"product_tag","embeddable":true,"href":"https:\/\/www.atta45.se\/e-butik\/wp-json\/wp\/v2\/product_tag?post=21307"}],"curies":[{"name":"wp","href":"https:\/\/api.w.org\/{rel}","templated":true}]}}