{"id":21223,"date":"2024-12-26T15:10:51","date_gmt":"2024-12-26T14:10:51","guid":{"rendered":"https:\/\/www.atta45.se\/e-butik\/?post_type=product&#038;p=21223"},"modified":"2025-10-27T16:11:38","modified_gmt":"2025-10-27T15:11:38","slug":"vaska-for-15-laptop-i-polyester-300d","status":"publish","type":"product","link":"https:\/\/www.atta45.se\/e-butik\/produkt\/vaska-for-15-laptop-i-polyester-300d\/","title":{"rendered":"Laptopv\u00e4ska, polyester (300D) Isolde"},"content":{"rendered":"<p>V\u00e4ska i polyester (300D) f\u00f6r 15&#8243; laptop med tv\u00e5 framfickor. Reglerbar axelrem.<\/p>\n","protected":false},"excerpt":{"rendered":"<p>V\u00e4ska i polyester (300D) f\u00f6r 15&#8243; laptop med tv\u00e5 framfickor. Reglerbar axelrem.<\/p>\n","protected":false},"featured_media":21224,"template":"","meta":{"_acf_changed":false,"_seopress_robots_primary_cat":"","_seopress_titles_title":"","_seopress_titles_desc":"","_seopress_robots_index":""},"product_brand":[],"product_cat":[15],"product_tag":[],"class_list":{"0":"post-21223","1":"product","2":"type-product","3":"status-publish","4":"has-post-thumbnail","6":"product_cat-okategoriserad","7":"atta45_taxonomy-elektronik-kontor-datortillbehor-sv","8":"atta45_taxonomy-textil-kontor-foretag-sv","9":"atta45_taxonomy-vaskor-resetillbehor-laptopvaskor-sv","10":"atta45_taxonomy-vaskor-resetillbehor-portfoljer-sv","11":"atta45_taxonomy-elektronik-kontor-portfoljer-sv","12":"atta45_taxonomy-textil-vaskor-bagar-sv","13":"atta45_taxonomy-vaskor-resetillbehor-sv","15":"first","16":"instock","17":"taxable","18":"shipping-taxable","19":"purchasable","20":"product-type-variable"},"acf":[],"_links":{"self":[{"href":"https:\/\/www.atta45.se\/e-butik\/wp-json\/wp\/v2\/product\/21223","targetHints":{"allow":["GET"]}}],"collection":[{"href":"https:\/\/www.atta45.se\/e-butik\/wp-json\/wp\/v2\/product"}],"about":[{"href":"https:\/\/www.atta45.se\/e-butik\/wp-json\/wp\/v2\/types\/product"}],"wp:featuredmedia":[{"embeddable":true,"href":"https:\/\/www.atta45.se\/e-butik\/wp-json\/wp\/v2\/media\/21224"}],"wp:attachment":[{"href":"https:\/\/www.atta45.se\/e-butik\/wp-json\/wp\/v2\/media?parent=21223"}],"wp:term":[{"taxonomy":"product_brand","embeddable":true,"href":"https:\/\/www.atta45.se\/e-butik\/wp-json\/wp\/v2\/product_brand?post=21223"},{"taxonomy":"product_cat","embeddable":true,"href":"https:\/\/www.atta45.se\/e-butik\/wp-json\/wp\/v2\/product_cat?post=21223"},{"taxonomy":"product_tag","embeddable":true,"href":"https:\/\/www.atta45.se\/e-butik\/wp-json\/wp\/v2\/product_tag?post=21223"}],"curies":[{"name":"wp","href":"https:\/\/api.w.org\/{rel}","templated":true}]}}