{"id":21187,"date":"2024-12-26T15:10:27","date_gmt":"2024-12-26T14:10:27","guid":{"rendered":"https:\/\/www.atta45.se\/e-butik\/?post_type=product&#038;p=21187"},"modified":"2025-10-27T16:08:33","modified_gmt":"2025-10-27T15:08:33","slug":"ryggsack-i-nylon-1200d","status":"publish","type":"product","link":"https:\/\/www.atta45.se\/e-butik\/produkt\/ryggsack-i-nylon-1200d\/","title":{"rendered":"Ryggs\u00e4ck i nylon (1200D) Cleo"},"content":{"rendered":"<p>Ryggs\u00e4ck i nylon (1200D) med innerfickor samt vadderat fack f\u00f6r 15&#8243; laptop. Vadderad baksida samt vadderade och reglerbara axelremmar. 3-siffrigt kombinationsl\u00e5s, USB-utg\u00e5ng och kabel, speciell fj\u00e4dringsfunktion i axelremmarna f\u00f6r \u00f6kad komfort.<\/p>\n","protected":false},"excerpt":{"rendered":"<p>Ryggs\u00e4ck i nylon (1200D) med innerfickor samt vadderat fack f\u00f6r 15&#8243; laptop. Vadderad baksida samt vadderade och reglerbara axelremmar. 3-siffrigt kombinationsl\u00e5s, USB-utg\u00e5ng och kabel, speciell fj\u00e4dringsfunktion i axelremmarna f\u00f6r \u00f6kad komfort.<\/p>\n","protected":false},"featured_media":21188,"template":"","meta":{"_acf_changed":false,"_seopress_robots_primary_cat":"","_seopress_titles_title":"","_seopress_titles_desc":"","_seopress_robots_index":""},"product_brand":[],"product_cat":[15],"product_tag":[],"class_list":{"0":"post-21187","1":"product","2":"type-product","3":"status-publish","4":"has-post-thumbnail","6":"product_cat-okategoriserad","7":"atta45_taxonomy-elektronik-kontor-datortillbehor-sv","8":"atta45_taxonomy-textil-kontor-foretag-sv","9":"atta45_taxonomy-vaskor-resetillbehor-laptopvaskor-sv","10":"atta45_taxonomy-elektronik-kontor-portfoljer-sv","11":"atta45_taxonomy-vaskor-resetillbehor-ryggsackar-sv","12":"atta45_taxonomy-vaskor-resetillbehor-ryggsackar-axelremsvaskor-sv","13":"atta45_taxonomy-textil-vaskor-bagar-sv","14":"atta45_taxonomy-vaskor-resetillbehor-sv","16":"first","17":"instock","18":"taxable","19":"shipping-taxable","20":"purchasable","21":"product-type-variable"},"acf":[],"_links":{"self":[{"href":"https:\/\/www.atta45.se\/e-butik\/wp-json\/wp\/v2\/product\/21187","targetHints":{"allow":["GET"]}}],"collection":[{"href":"https:\/\/www.atta45.se\/e-butik\/wp-json\/wp\/v2\/product"}],"about":[{"href":"https:\/\/www.atta45.se\/e-butik\/wp-json\/wp\/v2\/types\/product"}],"wp:featuredmedia":[{"embeddable":true,"href":"https:\/\/www.atta45.se\/e-butik\/wp-json\/wp\/v2\/media\/21188"}],"wp:attachment":[{"href":"https:\/\/www.atta45.se\/e-butik\/wp-json\/wp\/v2\/media?parent=21187"}],"wp:term":[{"taxonomy":"product_brand","embeddable":true,"href":"https:\/\/www.atta45.se\/e-butik\/wp-json\/wp\/v2\/product_brand?post=21187"},{"taxonomy":"product_cat","embeddable":true,"href":"https:\/\/www.atta45.se\/e-butik\/wp-json\/wp\/v2\/product_cat?post=21187"},{"taxonomy":"product_tag","embeddable":true,"href":"https:\/\/www.atta45.se\/e-butik\/wp-json\/wp\/v2\/product_tag?post=21187"}],"curies":[{"name":"wp","href":"https:\/\/api.w.org\/{rel}","templated":true}]}}